{"id":9949,"date":"2026-03-10T12:36:21","date_gmt":"2026-03-10T12:36:21","guid":{"rendered":"https:\/\/com2000.hr\/trgovina\/?post_type=product&#038;p=9949"},"modified":"2026-04-15T12:22:41","modified_gmt":"2026-04-15T12:22:41","slug":"lenovo-t490s-14-full-hd-1920x1080-core-i5-8365u-8th-gen-8gb-ram-512gb-ssd-win-11-ready","status":"publish","type":"product","link":"https:\/\/com2000.hr\/trgovina\/shop\/prijenosna-racunala\/lenovo-t490s-14-full-hd-1920x1080-core-i5-8365u-8th-gen-8gb-ram-512gb-ssd-win-11-ready\/","title":{"rendered":"Lenovo ThinkPad T490s 14&#8243; Full HD 1920&#215;1080, Core i5-8265U (8th gen.) 8GB RAM 512GB SSD Win 10\/11 DL u biosu"},"content":{"rendered":"<p><a id=\"yui_3_16_0_1_1446018224853_2652\" href=\"https:\/\/www.msregrefurb.com\/RRPSite\/Information\/LicensingGuide\/LicensingGuide_en.pdf\">Vi\u0161e o Microsoft Windows MAR licenciranju:<\/a><\/p>\n<p><a id=\"yui_3_16_0_1_1446018224853_2652\" href=\"https:\/\/www.msregrefurb.com\/RRPSite\/Information\/LicensingGuide\/LicensingGuide_en.pdf\">https:\/\/www.msregrefurb.com\/RRPSite\/Information\/LicensingGuide\/LicensingGuide_en.pdf<\/a><\/p>\n<p><a href=\"http:\/\/com2000.hr\/wp-content\/uploads\/2016\/11\/Concealment-Usage-v2-1.pdf\">Ispravan na\u010din unosa licencnog klju\u010da s MAR Windows CoA stickera<\/a><\/p>\n<p>Uz svako ra\u010dunalo s predinstaliranim operativnim sustavom MAR Windows kupljenim kod COM 2000 dobivate:<br \/>\n&#8211;\u00a0100%\u00a0genuine\u00a0Microsoft\u00a0software;<br \/>\n&#8211; Antivirus software<br \/>\n&#8211; Sve potrebne drivere \u2013 Windows certified;<br \/>\n&#8211; Svaki system ima hard-disk-based recovery image.<\/p>\n<p><strong>Vi\u0161e o proizvodu:<\/strong><\/p>\n<p><strong><span style=\"color: #ff0000\">\u2022 refurbished ra\u010dunalo; stanje: A<br \/>\n<\/span><\/strong><span style=\"color: #ff0000\">\u2022 Jamstvo: <strong>12 mjeseci<\/strong><\/span><br \/>\n\u2022 CoA sticker: Win.10\/11 Pro. Bios<strong><br \/>\n<\/strong><\/p>\n<p>\u2022 Procesor:<strong><span style=\"color: #ff0000\">Intel\u00ae Core\u2122\u00a0<em>i5<\/em>&#8211;<em>8265U<\/em> Processor (6M Cache, up to 4.10 GHz)<\/span><\/strong><\/p>\n<p>\u2022 Zaslon:14&#8243; diagonal FHD IPS anti-glare LED-backlit, 220 cd\/m<sup>2<\/sup>, 45% sRGB (1920 x 1080)<br \/>\n\u2022 Grafi\u010dki sustav: Intel UHD Graphics<br \/>\n\u2022 Radna memorija: <strong><span style=\"color: #ff0000\">8GB DDR4<\/span><\/strong> \u00a0(2x SoDIMM, max 32GB)<br \/>\n\u2022 Tvrdi disk: <strong><span style=\"color: #ff0000\">512GB M2 Nvme SSD<\/span><\/strong><br \/>\n\u2022 Opti\u010dki ure\u0111aj:\u00a0ne<br \/>\n\u2022 Dimenzije (cm): 329 x 226.16 x 16.7<br \/>\n\u2022 Masa ure\u0111aja: od 1.35kg<br \/>\n\u2022 Baterija: Integrated Li-Polymer 57Wh battery<br \/>\n\u2022 Mre\u017ea: ne<br \/>\n\u2022 Be\u017ei\u010dna mre\u017ea: da (802.11ac\/b\/g\/n)<br \/>\n\u2022 Bluetooth\/<strong><span style=\"color: #ff0000\">4G<\/span><\/strong>: da\/<span style=\"color: #ff0000\"><strong>NE<\/strong><\/span><br \/>\n\u2022 Audio ulazi\/izlazi: da<br \/>\n\u2022 <span style=\"color: #ff0000\"><strong>HDMI<\/strong><\/span>\/Display port: <strong><span style=\"color: #ff0000\">DA<\/span><\/strong>\/NE<br \/>\n\u2022 USB podr\u0161ka:<span style=\"color: #ff0000\">2x USB 3.0,1x Thunderbolt (USB Type-C connector)<\/span><br \/>\n\u2022 \u010cita\u010d kartica: ne<br \/>\n\u2022 Kamera: da<br \/>\n\u2022 Boja: crna<\/p>\n<p><span style=\"background-color: #ffff00\"><strong>Slike artikala su ilustrativne prirode te ne moraju u potpunosti odgovarati artiklima.<\/strong><\/span><\/p>\n<p>&nbsp;<\/p>\n<p>&nbsp;<\/p>\n","protected":false},"excerpt":{"rendered":"<p>Vi\u0161e o Microsoft Windows MAR licenciranju: https:\/\/www.msregrefurb.com\/RRPSite\/Information\/LicensingGuide\/LicensingGuide_en.pdf Ispravan na\u010din unosa licencnog klju\u010da s MAR Windows CoA stickera Uz svako ra\u010dunalo s predinstaliranim operativnim sustavom MAR Windows kupljenim kod COM 2000 dobivate: &#8211;\u00a0100%\u00a0genuine\u00a0Microsoft\u00a0software; &#8211; Antivirus software &#8211; Sve potrebne drivere \u2013 Windows certified; &#8211; Svaki system ima hard-disk-based recovery image. Vi\u0161e o proizvodu: \u2022 refurbished ra\u010dunalo; [&#8230;]\n","protected":false},"featured_media":10536,"template":"","meta":[],"product_cat":[85],"product_tag":[228,259,384,257,258,383],"_links":{"self":[{"href":"https:\/\/com2000.hr\/trgovina\/wp-json\/wp\/v2\/product\/9949"}],"collection":[{"href":"https:\/\/com2000.hr\/trgovina\/wp-json\/wp\/v2\/product"}],"about":[{"href":"https:\/\/com2000.hr\/trgovina\/wp-json\/wp\/v2\/types\/product"}],"wp:featuredmedia":[{"embeddable":true,"href":"https:\/\/com2000.hr\/trgovina\/wp-json\/wp\/v2\/media\/10536"}],"wp:attachment":[{"href":"https:\/\/com2000.hr\/trgovina\/wp-json\/wp\/v2\/media?parent=9949"}],"wp:term":[{"taxonomy":"product_cat","embeddable":true,"href":"https:\/\/com2000.hr\/trgovina\/wp-json\/wp\/v2\/product_cat?post=9949"},{"taxonomy":"product_tag","embeddable":true,"href":"https:\/\/com2000.hr\/trgovina\/wp-json\/wp\/v2\/product_tag?post=9949"}],"curies":[{"name":"wp","href":"https:\/\/api.w.org\/{rel}","templated":true}]}}