{"id":9884,"date":"2026-02-21T14:52:00","date_gmt":"2026-02-21T14:52:00","guid":{"rendered":"https:\/\/com2000.hr\/trgovina\/?post_type=product&#038;p=9884"},"modified":"2026-04-14T08:12:03","modified_gmt":"2026-04-14T08:12:03","slug":"lenovo-thinkpad-t490-14-fhd-1920x1080-core-i5-8365u-8th-gen-8gb-ram-256gb-ssd-win-11-ready","status":"publish","type":"product","link":"https:\/\/com2000.hr\/trgovina\/shop\/prijenosna-racunala\/lenovo-thinkpad-t490-14-fhd-1920x1080-core-i5-8365u-8th-gen-8gb-ram-256gb-ssd-win-11-ready\/","title":{"rendered":"Lenovo ThinkPad T490 14&#8243; FHD 1920&#215;1080, Core i5-8265U (8th gen.) 8GB RAM 256GB SSD, Win10\/11 DL"},"content":{"rendered":"<p><strong>Uz svako ra\u010dunalo <span style=\"text-decoration: underline\">s kupljenom MAR digitalnom licencom<\/span> i predinstaliranim operativnim sustavom Windows 10 ili 11 dobivate:<\/strong><br \/>\n\u2013 digitalno upisanu licencu Windows 10Home\/Pro ili Windows 11Home\/Pro;<br \/>\n\u2013 hologramsku Microsoft naljepnicu na ra\u010dunalu kao potvrdu autenti\u010dnosti originalnog Microsoft softwarea;<br \/>\n\u2013 dnevno a\u017euran operativni sustav i Microsoft Antivirus program;<br \/>\n\u2013 sve drivere potrebne za ra\u010dunalo dostupne kroz Windows update \u2013 Windows certified;<\/p>\n<p><strong>Vi\u0161e o proizvodu:<\/strong><\/p>\n<p>Proizvo\u0111a\u010d: <strong>LENOVO<br \/>\n<\/strong><\/p>\n<p><strong><span style=\"color: #ff0000\">\u2022 refurbished ra\u010dunalo; stanje: A<br \/>\n<\/span><span style=\"color: #ff0000\">\u2022 Jamstvo: 12 mjeseci<br \/>\n<\/span><\/strong><strong><span style=\"color: #ff0000\">\u2022 ako nisu predgravirani, uz prijenosna ra\u010dunala poklanjamo naljepnice sa HR znakovima<br \/>\n<\/span><\/strong><\/p>\n<p>\u2022 CoA sticker: Win10\/11 Digit.licenca u biosu<br \/>\n\u2022 Procesor: <span style=\"color: #ff0000\">Intel\u00ae Core\u2122\u00a0<em>i5<\/em>&#8211;<em>8265U<\/em><br \/>\n<\/span>\u2022 Zaslon: 14.0&#8243; (355mm)\u00a0FHD (1920&#215;1080), anti-glare, LED backlight, WVA,<br \/>\n250 nits, 16:9 aspect ratio, 700:1 contrast ratio, 170\u00b0 viewing angle<br \/>\n\u2022 Grafi\u010dki sustav: Intel UHD Graphics 620<br \/>\n\u2022 Radna memorija: <strong><span style=\"color: #ff0000\">8GB DDR4<\/span><\/strong> \u00a0(2x SoDIMM, max 32GB)<br \/>\n\u2022 Tvrdi disk: <strong><span style=\"color: #ff0000\">256GB SSD<\/span><\/strong><br \/>\n\u2022 Opti\u010dki ure\u0111aj:\u00a0ne<br \/>\n\u2022 Dimenzije (mm): 329 x 227 x 17.90<br \/>\n\u2022 Masa ure\u0111aja: 1,55kg<br \/>\n\u2022 Baterija: Integrated Li-Polymer 50Wh battery, supports Rapid Charge (charge up to 80% in 1hr) with 65W AC adapter<br \/>\n\u2022 Mre\u017ea: da (Gb LAN)<br \/>\n\u2022 Be\u017ei\u010dna mre\u017ea: da (802.11ac\/b\/g\/n)<br \/>\n\u2022 Bluetooth\/<strong><span style=\"color: #ff0000\">4G<\/span><\/strong>: da\/<span style=\"color: #ff0000\"><strong>NE<\/strong><\/span><br \/>\n\u2022 Audio ulazi\/izlazi: da<br \/>\n\u2022 <span style=\"color: #ff0000\"><strong>HDMI<\/strong><\/span>\/Display port: <strong><span style=\"color: #ff0000\">DA<\/span><\/strong>\/NE<br \/>\n\u2022 USB podr\u0161ka:<span style=\"color: #ff0000\">2x USB 3.0,USB-C,1xThunderbolt\u2122 3<\/span><br \/>\n\u2022 \u010cita\u010d kartica: da,4-in-1 reader (MMC, SD, SDHC, SDXC)<br \/>\n\u2022 Kamera: da<br \/>\n\u2022 Boja:\u00a0crna<\/p>\n<p><span style=\"background-color: #ffff00\"><strong>Slike artikala su ilustrativne prirode te ne moraju u potpunosti odgovarati artiklima.<\/strong><\/span><\/p>\n<p>&nbsp;<\/p>\n<p>&nbsp;<\/p>\n","protected":false},"excerpt":{"rendered":"<p>Uz svako ra\u010dunalo s kupljenom MAR digitalnom licencom i predinstaliranim operativnim sustavom Windows 10 ili 11 dobivate: \u2013 digitalno upisanu licencu Windows 10Home\/Pro ili Windows 11Home\/Pro; \u2013 hologramsku Microsoft naljepnicu na ra\u010dunalu kao potvrdu autenti\u010dnosti originalnog Microsoft softwarea; \u2013 dnevno a\u017euran operativni sustav i Microsoft Antivirus program; \u2013 sve drivere potrebne za ra\u010dunalo dostupne kroz [&#8230;]\n","protected":false},"featured_media":9661,"template":"","meta":[],"product_cat":[85],"product_tag":[228,259,257,258,383],"_links":{"self":[{"href":"https:\/\/com2000.hr\/trgovina\/wp-json\/wp\/v2\/product\/9884"}],"collection":[{"href":"https:\/\/com2000.hr\/trgovina\/wp-json\/wp\/v2\/product"}],"about":[{"href":"https:\/\/com2000.hr\/trgovina\/wp-json\/wp\/v2\/types\/product"}],"wp:featuredmedia":[{"embeddable":true,"href":"https:\/\/com2000.hr\/trgovina\/wp-json\/wp\/v2\/media\/9661"}],"wp:attachment":[{"href":"https:\/\/com2000.hr\/trgovina\/wp-json\/wp\/v2\/media?parent=9884"}],"wp:term":[{"taxonomy":"product_cat","embeddable":true,"href":"https:\/\/com2000.hr\/trgovina\/wp-json\/wp\/v2\/product_cat?post=9884"},{"taxonomy":"product_tag","embeddable":true,"href":"https:\/\/com2000.hr\/trgovina\/wp-json\/wp\/v2\/product_tag?post=9884"}],"curies":[{"name":"wp","href":"https:\/\/api.w.org\/{rel}","templated":true}]}}