{"id":9103,"date":"2025-06-10T08:43:08","date_gmt":"2025-06-10T08:43:08","guid":{"rendered":"https:\/\/com2000.hr\/trgovina\/?post_type=product&#038;p=9103"},"modified":"2026-04-10T07:42:18","modified_gmt":"2026-04-10T07:42:18","slug":"hp-elitedesk-800g3-dm-mini-pc-i5-6500t-6th-gen-8gb-ddr4-ram-256-gb-ssd-win-10-u-bios-u-u-dolasku","status":"publish","type":"product","link":"https:\/\/com2000.hr\/trgovina\/shop\/rabljena-racunala\/i5\/hp-elitedesk-800g3-dm-mini-pc-i5-6500t-6th-gen-8gb-ddr4-ram-256-gb-ssd-win-10-u-bios-u-u-dolasku\/","title":{"rendered":"HP EliteDesk 800G3 DM (mini pc) i5-7500T (6th gen.) 8GB DDR4 RAM 256 GB SSD, HDMI priklju\u010dak, Win10 DL u bios-u"},"content":{"rendered":"<p><strong><span style=\"text-decoration: underline;font-size: 110%\">Uz svako ra\u010dunalo s kupljenim predinstaliranim operativnim sustavom Windows 10 ili 11 dobivate:<\/span><\/strong><br \/>\n&#8211; digitalno upisanu licencu Windows 10H\/P ili Windows 11H\/P u bios-u ra\u010dunala;<br \/>\n&#8211; hologramsku Microsoft naljepnicu na ra\u010dunalu kao potvrdu autenti\u010dnosti originalnog Microsoft softwarea;<br \/>\n&#8211; dnevno a\u017euriran Microsoft Antivirus program;<br \/>\n&#8211; sve drivere potrebne za ra\u010dunalo dostupne kroz Windows update \u2013 Windows certified;<\/p>\n<p><strong><strong>Vi\u0161e o proizvodu:<\/strong><\/strong><\/p>\n<p>Proizvo\u0111a\u010d: <strong>HP<br \/>\n<\/strong><strong><span style=\"color: #ff0000\">\u2022 refurbished ra\u010dunalo; stanje: A<br \/>\n<\/span><span style=\"color: #ff0000\">\u2022 Jamstvo: 12 mjeseci<br \/>\n<\/span><\/strong><strong>CoA Sticker: Win.10 Pro.Bios <span style=\"color: #ff0000\">(TPM Chip 2.0-ra\u010dunalo podr\u017eava Windows 11)<\/span><\/strong><\/p>\n<div>\n<p><strong>Model:EliteDesk 800G3 DM<\/strong><br \/>\n<strong>Procesor:\u00a0<\/strong>Intel\u00ae Core\u2122 <strong><span style=\"color: #ff0000\"><em>i5<\/em>&#8211;<em>7500T<\/em><\/span><\/strong> Processor (6M Cache, up to 3.30 GHz)<br \/>\n<strong>Memorija: <span style=\"color: #ff0000\">8<\/span><span style=\"color: #ff0000\">GB DDR4<\/span><\/strong><br \/>\n<strong>Hdd: <span style=\"color: #ff0000\">256<\/span><\/strong><span style=\"color: #ff0000\"><strong>GB S-ATA SSD\u00a0<\/strong><\/span><br \/>\n<strong>Raid:<\/strong>\u00a0<strong>NE<\/strong><br \/>\n<strong>Opti\u010dki ure\u0111aj:NE<\/strong><br \/>\n<strong>Grafi\u010dka kartica: Intel<\/strong> <strong>UHD 530<br \/>\n<\/strong><strong>Display port\/HDMI: <span style=\"color: #ff0000\">2x\/DA<\/span><\/strong><br \/>\n<strong>VGA:<\/strong> <span style=\"color: #ff0000\"><strong>NE (za spajanje na VGA monitor potrebno je kupiti adapter)<\/strong><\/span><br \/>\n<strong>Usb:<\/strong>\u00a0<span style=\"color: #ff0000\"><strong>6xUSB 3.0,1xUSB type C<\/strong><\/span><br \/>\n<strong>Serijski port:<\/strong> <strong>NE<\/strong><br \/>\n<strong>Paralelni port:<span style=\"color: #333333\"> NE<\/span><\/strong><br \/>\n<strong>WI-FI:<\/strong>\u00a0<strong>NE<\/strong><br \/>\n<strong>Zvu\u010dna kartica:DA<\/strong><br \/>\n<strong>Mre\u017ena kartica-brzina [Mbit]:<\/strong>\u00a010\/100\/1000<br \/>\n<strong>Utori za pro\u0161irenje:<\/strong> 2xSO-DIMM,<span style=\"color: #333333\"><strong>1x<\/strong> M.2 PCIe Gen3x4-2280 NMVe<\/span><br \/>\n<strong>Ku\u0107i\u0161te\/dimenzije: <span style=\"color: #ff0000\">Mini pc, dimenzije ku\u0107i\u0161ta: 34.2 x 175 x177 mm<\/span><\/strong><\/p>\n<p><span style=\"background-color: #ffff00\"><strong>Slike artikala su ilustrativne prirode te ne moraju u potpunosti odgovarati artiklima.<\/strong><\/span><\/p>\n<\/div>\n","protected":false},"excerpt":{"rendered":"<p>Uz svako ra\u010dunalo s kupljenim predinstaliranim operativnim sustavom Windows 10 ili 11 dobivate: &#8211; digitalno upisanu licencu Windows 10H\/P ili Windows 11H\/P u bios-u ra\u010dunala; &#8211; hologramsku Microsoft naljepnicu na ra\u010dunalu kao potvrdu autenti\u010dnosti originalnog Microsoft softwarea; &#8211; dnevno a\u017euriran Microsoft Antivirus program; &#8211; sve drivere potrebne za ra\u010dunalo dostupne kroz Windows update \u2013 Windows [&#8230;]\n","protected":false},"featured_media":9106,"template":"","meta":[],"product_cat":[141,86],"product_tag":[269,268,123,155],"_links":{"self":[{"href":"https:\/\/com2000.hr\/trgovina\/wp-json\/wp\/v2\/product\/9103"}],"collection":[{"href":"https:\/\/com2000.hr\/trgovina\/wp-json\/wp\/v2\/product"}],"about":[{"href":"https:\/\/com2000.hr\/trgovina\/wp-json\/wp\/v2\/types\/product"}],"wp:featuredmedia":[{"embeddable":true,"href":"https:\/\/com2000.hr\/trgovina\/wp-json\/wp\/v2\/media\/9106"}],"wp:attachment":[{"href":"https:\/\/com2000.hr\/trgovina\/wp-json\/wp\/v2\/media?parent=9103"}],"wp:term":[{"taxonomy":"product_cat","embeddable":true,"href":"https:\/\/com2000.hr\/trgovina\/wp-json\/wp\/v2\/product_cat?post=9103"},{"taxonomy":"product_tag","embeddable":true,"href":"https:\/\/com2000.hr\/trgovina\/wp-json\/wp\/v2\/product_tag?post=9103"}],"curies":[{"name":"wp","href":"https:\/\/api.w.org\/{rel}","templated":true}]}}