{"id":8797,"date":"2025-10-12T10:40:01","date_gmt":"2025-10-12T10:40:01","guid":{"rendered":"https:\/\/com2000.hr\/trgovina\/?post_type=product&#038;p=8797"},"modified":"2026-04-16T08:09:06","modified_gmt":"2026-04-16T08:09:06","slug":"hp-elitedesk-800g4-sff-i5-8500-8th-gen-8gb-ddr4-ram-256-gb-ssd-win-10-bios-locked","status":"publish","type":"product","link":"https:\/\/com2000.hr\/trgovina\/shop\/rabljena-racunala\/i5\/hp-elitedesk-800g4-sff-i5-8500-8th-gen-8gb-ddr4-ram-256-gb-ssd-win-10-bios-locked\/","title":{"rendered":"HP EliteDesk 800G4 SFF i5-8500 (8th gen.) 8GB DDR4 RAM 512 GB SSD, Win10\/11 DL u biosu u dolasku do 23.04.2026. !!!!!"},"content":{"rendered":"<p><a id=\"yui_3_16_0_1_1446018224853_2652\" href=\"https:\/\/www.msregrefurb.com\/RRPSite\/Information\/LicensingGuide\/LicensingGuide_en.pdf\">Vi\u0161e o Microsoft Windows MAR licenciranju:<\/a><\/p>\n<p><a id=\"yui_3_16_0_1_1446018224853_2652\" href=\"https:\/\/www.msregrefurb.com\/RRPSite\/Information\/LicensingGuide\/LicensingGuide_en.pdf\"> https:\/\/www.msregrefurb.com\/RRPSite\/Information\/LicensingGuide\/LicensingGuide_en.pdf<\/a><\/p>\n<p><a href=\"http:\/\/com2000.hr\/wp-content\/uploads\/2016\/11\/Concealment-Usage-v2-1.pdf\">Ispravan na\u010din unosa licencnog klju\u010da s MAR Windows CoA stickera<\/a><\/p>\n<p>Uz svako ra\u010dunalo s predinstaliranim operativnim sustavom MAR Windows kupljenim kod COM 2000 dobivate:<br \/>\n&#8211;\u00a0100%\u00a0genuine\u00a0Microsoft\u00a0software;<br \/>\n&#8211; Antivirus software<br \/>\n&#8211; Sve potrebne drivere \u2013 Windows certified;<br \/>\n&#8211; Svaki system ima hard-disk-based recovery image.<\/p>\n<p><strong><strong>Vi\u0161e o proizvodu:<\/strong><\/strong><\/p>\n<p>Proizvo\u0111a\u010d: <strong>HP<\/strong><br \/>\n<span style=\"color: #ff0000\"><strong>Jamstvo:<\/strong>\u00a0<\/span><strong><span style=\"color: #ff0000\">12 mjeseci<\/span><br \/>\n<\/strong><strong>CoA Sticker: Win.10 Bios<\/strong><\/p>\n<div>\n<p><strong>Model:EliteDesk 800 G4<\/strong><br \/>\n<strong>Procesor:\u00a0<\/strong>Intel\u00ae Core\u2122 <strong><span style=\"color: #ff0000\"><em>i5<\/em>-8<em>500<\/em><\/span><\/strong> Processor (9M Cache, up to 4.00 GHz)<br \/>\n<strong>Memorija: <span style=\"color: #ff0000\">8<\/span><span style=\"color: #ff0000\">GB DDR4<\/span><\/strong><br \/>\n<strong>Hdd: <span style=\"color: #ff0000\">512<\/span><\/strong><span style=\"color: #ff0000\"><strong>GBSSD<\/strong><\/span><br \/>\n<strong>Raid:<\/strong>\u00a0<span style=\"color: #ff0000\"><strong>DA<\/strong><\/span><br \/>\n<strong>Opti\u010dki ure\u0111aj:NE<\/strong><br \/>\n<strong>Grafi\u010dka kartica: Intel<\/strong> <strong>HD 530<\/strong><\/p>\n<p><strong>Display port:\u00a0<span style=\"color: #ff0000\">2x<\/span><\/strong><br \/>\n<strong>VGA\/HDMI:<\/strong> <span style=\"color: #ff0000\"><strong>NE\/<span style=\"color: #ff0000\">NE (za spajanje na VGA monitor potrebno je kupiti adapter)<\/span><\/strong><\/span><br \/>\n<strong>Usb:<\/strong>\u00a04xUSB 2.0,\u00a0<span style=\"color: #ff0000\"><strong>6xUSB 3.0,1xUSB type C<\/strong><\/span><br \/>\n<strong>Serijski port:<\/strong> <strong>NE<\/strong><br \/>\n<strong>Paralelni port:<span style=\"color: #333333\"> <span style=\"color: #ff0000\">NE (kupuje se zasebno)<\/span><\/span><\/strong><br \/>\n<strong>PS\/2:<\/strong>\u00a0NE<br \/>\n<strong>Zvu\u010dna kartica:DA<\/strong><br \/>\n<strong>Mre\u017ena kartica-brzina [Mbit]:<\/strong>\u00a010\/100\/1000<br \/>\n<strong>Utori za pro\u0161irenje:<\/strong>\u00a01xPCI Lowprof., 2xPCI Ex 8x Low prof.,<span style=\"color: #ff0000\"><strong>1xPCI Express x16 (v3.0<\/strong>)<\/span>, 4xDIMM,3xS-ATA,<strong><span style=\"color: #ff0000\">M.2 PCIe Gen3x4-2280 NMVe<\/span><\/strong><br \/>\n<strong>Ku\u0107i\u0161te\/dimenzije:<\/strong> <span style=\"color: #ff0000\"><strong>SFF, 94 x 269 x 297 mm<\/strong><\/span><\/p>\n<p><span style=\"background-color: #ffff00\"><strong>Slike artikala su ilustrativne prirode te ne moraju u potpunosti odgovarati artiklima.<\/strong><\/span><\/p>\n<\/div>\n","protected":false},"excerpt":{"rendered":"<p>Vi\u0161e o Microsoft Windows MAR licenciranju: https:\/\/www.msregrefurb.com\/RRPSite\/Information\/LicensingGuide\/LicensingGuide_en.pdf Ispravan na\u010din unosa licencnog klju\u010da s MAR Windows CoA stickera Uz svako ra\u010dunalo s predinstaliranim operativnim sustavom MAR Windows kupljenim kod COM 2000 dobivate: &#8211;\u00a0100%\u00a0genuine\u00a0Microsoft\u00a0software; &#8211; Antivirus software &#8211; Sve potrebne drivere \u2013 Windows certified; &#8211; Svaki system ima hard-disk-based recovery image. Vi\u0161e o proizvodu: Proizvo\u0111a\u010d: HP Jamstvo:\u00a012 [&#8230;]\n","protected":false},"featured_media":9656,"template":"","meta":[],"product_cat":[141,86],"product_tag":[365,374,373,375,123,155,162],"_links":{"self":[{"href":"https:\/\/com2000.hr\/trgovina\/wp-json\/wp\/v2\/product\/8797"}],"collection":[{"href":"https:\/\/com2000.hr\/trgovina\/wp-json\/wp\/v2\/product"}],"about":[{"href":"https:\/\/com2000.hr\/trgovina\/wp-json\/wp\/v2\/types\/product"}],"wp:featuredmedia":[{"embeddable":true,"href":"https:\/\/com2000.hr\/trgovina\/wp-json\/wp\/v2\/media\/9656"}],"wp:attachment":[{"href":"https:\/\/com2000.hr\/trgovina\/wp-json\/wp\/v2\/media?parent=8797"}],"wp:term":[{"taxonomy":"product_cat","embeddable":true,"href":"https:\/\/com2000.hr\/trgovina\/wp-json\/wp\/v2\/product_cat?post=8797"},{"taxonomy":"product_tag","embeddable":true,"href":"https:\/\/com2000.hr\/trgovina\/wp-json\/wp\/v2\/product_tag?post=8797"}],"curies":[{"name":"wp","href":"https:\/\/api.w.org\/{rel}","templated":true}]}}