{"id":8675,"date":"2021-03-30T11:51:40","date_gmt":"2021-03-30T11:51:40","guid":{"rendered":"https:\/\/com2000.hr\/trgovina\/?post_type=product&#038;p=8675"},"modified":"2025-11-28T09:43:24","modified_gmt":"2025-11-28T09:43:24","slug":"pos-ladica-za-novac-330x348x90mm-rj11-24v-crna","status":"publish","type":"product","link":"https:\/\/com2000.hr\/trgovina\/shop\/pc-blagajne\/pos-ladica-za-novac-330x348x90mm-rj11-24v-crna\/","title":{"rendered":"POS Ladica za novac  330\u00d7348\u00d790mm, RJ11 24V, CRNA ***dostupno po narud\u017ebi isklju\u010divo uz ra\u010dunala\/All-in-One blagajne!!!"},"content":{"rendered":"<table>\n<tbody>\n<tr valign=\"top\">\n<td><b>Model<\/b><\/td>\n<td>\n<h4>B&amp;W\/MicroPOS ladica za novac, 24V, KST-330T, 4N4K, crna<\/h4>\n<\/td>\n<\/tr>\n<tr valign=\"top\">\n<td><b>Su\u010delje<\/b><\/td>\n<td>priklju\u010dak na printer (24V) RJ11<\/td>\n<\/tr>\n<tr>\n<td><strong>Jamstvo<\/strong><\/td>\n<td>\u00a012 mj.<\/td>\n<\/tr>\n<tr>\n<td><\/td>\n<td><\/td>\n<\/tr>\n<tr>\n<td><\/td>\n<td><\/td>\n<\/tr>\n<tr>\n<td><\/td>\n<td><\/td>\n<\/tr>\n<tr>\n<td><\/td>\n<td><\/td>\n<\/tr>\n<tr>\n<td><\/td>\n<td><\/td>\n<\/tr>\n<tr>\n<td><\/td>\n<td><\/td>\n<\/tr>\n<tr valign=\"top\">\n<td><b>Dimenzije i masa<\/b><\/td>\n<td>D x \u0160 x V:330 x 348 x 90 mm, neto 7,8 kg, bruto 8,8 kg<\/td>\n<\/tr>\n<tr>\n<td><\/td>\n<td><\/td>\n<\/tr>\n<tr>\n<td><\/td>\n<td><\/td>\n<\/tr>\n<tr valign=\"top\">\n<td><b>Ostalo<\/b><\/td>\n<td>Pode\u0161avaju\u0107i pretinci za nov\u010danice i kovanice<br \/>\n4 pretinaca kovanice (odvojivo)\/4 pretinaca nov\u010danice)<br \/>\nMetalni dr\u017ea\u010di nov\u010danica<br \/>\n1.000.000 ciklusa otvaranja \/zatvaranja (MTBF)<br \/>\nDvije pozicije klju\u010da<\/td>\n<\/tr>\n<\/tbody>\n<\/table>\n","protected":false},"excerpt":{"rendered":"<p>Model B&amp;W\/MicroPOS ladica za novac, 24V, KST-330T, 4N4K, crna Su\u010delje priklju\u010dak na printer (24V) RJ11 Jamstvo \u00a012 mj. Dimenzije i masa D x \u0160 x V:330 x 348 x 90 mm, neto 7,8 kg, bruto 8,8 kg Ostalo Pode\u0161avaju\u0107i pretinci za nov\u010danice i kovanice 4 pretinaca kovanice (odvojivo)\/4 pretinaca nov\u010danice) Metalni dr\u017ea\u010di nov\u010danica 1.000.000 ciklusa [&#8230;]\n","protected":false},"featured_media":8676,"template":"","meta":[],"product_cat":[69],"product_tag":[71],"_links":{"self":[{"href":"https:\/\/com2000.hr\/trgovina\/wp-json\/wp\/v2\/product\/8675"}],"collection":[{"href":"https:\/\/com2000.hr\/trgovina\/wp-json\/wp\/v2\/product"}],"about":[{"href":"https:\/\/com2000.hr\/trgovina\/wp-json\/wp\/v2\/types\/product"}],"wp:featuredmedia":[{"embeddable":true,"href":"https:\/\/com2000.hr\/trgovina\/wp-json\/wp\/v2\/media\/8676"}],"wp:attachment":[{"href":"https:\/\/com2000.hr\/trgovina\/wp-json\/wp\/v2\/media?parent=8675"}],"wp:term":[{"taxonomy":"product_cat","embeddable":true,"href":"https:\/\/com2000.hr\/trgovina\/wp-json\/wp\/v2\/product_cat?post=8675"},{"taxonomy":"product_tag","embeddable":true,"href":"https:\/\/com2000.hr\/trgovina\/wp-json\/wp\/v2\/product_tag?post=8675"}],"curies":[{"name":"wp","href":"https:\/\/api.w.org\/{rel}","templated":true}]}}