{"id":8371,"date":"2021-08-18T13:21:51","date_gmt":"2021-08-18T13:21:51","guid":{"rendered":"https:\/\/com2000.hr\/trgovina\/?post_type=product&#038;p=8371"},"modified":"2023-01-01T14:31:26","modified_gmt":"2023-01-01T14:31:26","slug":"fujitsu-q920-mini-pc-g3320t-4th-gen-4gb-ddr3-ram-320-gb-hdd","status":"publish","type":"product","link":"https:\/\/com2000.hr\/trgovina\/shop\/rabljena-racunala\/intel-g\/fujitsu-q920-mini-pc-g3320t-4th-gen-4gb-ddr3-ram-320-gb-hdd\/","title":{"rendered":"Fujitsu  Q920 mini pc Intel G-3320T (4th gen.) 4GB DDR3 RAM 320 GB HDD"},"content":{"rendered":"<p><a id=\"yui_3_16_0_1_1446018224853_2652\" href=\"https:\/\/www.msregrefurb.com\/RRPSite\/Information\/LicensingGuide\/LicensingGuide_en.pdf\">Vi\u0161e o Microsoft Windows MAR licenciranju:<\/a><\/p>\n<p><a id=\"yui_3_16_0_1_1446018224853_2652\" href=\"https:\/\/www.msregrefurb.com\/RRPSite\/Information\/LicensingGuide\/LicensingGuide_en.pdf\"> https:\/\/www.msregrefurb.com\/RRPSite\/Information\/LicensingGuide\/LicensingGuide_en.pdf<\/a><\/p>\n<p><a href=\"http:\/\/com2000.hr\/wp-content\/uploads\/2016\/11\/Concealment-Usage-v2-1.pdf\">Ispravan na\u010din unosa licencnog klju\u010da s MAR Windows CoA stickera<\/a><\/p>\n<p>Uz svako ra\u010dunalo s predinstaliranim operativnim sustavom MAR Windows kupljenim kod COM 2000 dobivate:<br \/>\n&#8211;\u00a0100%\u00a0genuine\u00a0Microsoft\u00a0software;<br \/>\n&#8211; Antivirus software<br \/>\n&#8211; Sve potrebne drivere \u2013 Windows certified;<br \/>\n&#8211; Svaki system ima hard-disk-based recovery image.<\/p>\n<p><strong><strong>Vi\u0161e o proizvodu:<\/strong><\/strong><\/p>\n<p>Proizvo\u0111a\u010d: <strong>Fujitsu<\/strong><br \/>\n<span style=\"color: #ff0000\"><strong>Jamstvo:<\/strong>\u00a0<\/span><strong><span style=\"color: #ff0000\">12 mjeseci<\/span><br \/>\n<\/strong><strong>CoA Sticker: Win.8Pro.Bios<\/strong><\/p>\n<div>\n<p><strong>Model: <span style=\"color: #ff0000\">Q920<\/span>\u00a0<span style=\"color: #ff0000\">mini pc<\/span><\/strong><br \/>\n<strong>Procesor:<span style=\"color: #ff0000\">Intel\u00ae Core\u2122 G-3220T processor ( (3M Cache, up to 3.00 GHz)<\/span><\/strong><br \/>\n<strong>Memorija: <span style=\"color: #ff0000\">4<\/span><span style=\"color: #ff0000\">GB DDR3<\/span><\/strong> SO-DIMM,MAX 16GB<br \/>\n<strong>Hdd: <span style=\"color: #333333\">320GB HDD<\/span><\/strong><br \/>\n<strong>Raid:<\/strong>\u00a0NE<br \/>\n<strong>Opti\u010dki ure\u0111aj:\u00a0NE<\/strong><br \/>\n<strong>Fdd:<\/strong>\u00a0NE<br \/>\n<strong>Grafi\u010dka kartica: Intel<\/strong> HD <strong>4400<\/strong><\/p>\n<p><strong>Display port\/DVI:\u00a0<span style=\"color: #ff0000\">DA\/DA<\/span><\/strong><br \/>\n<strong>VGA:<\/strong> NE<br \/>\n<strong>Usb:<\/strong>\u00a0<span style=\"color: #ff0000\"><strong>2xUSB 3.0,4xUSB 2.0<\/strong><\/span><br \/>\n<strong>Serijski port:NE<\/strong><br \/>\n<strong>Paralelni port:NE<\/strong><br \/>\n<strong>Zvu\u010dna kartica:<\/strong>\u00a0DA<br \/>\n<strong>Wi-FI:<\/strong> NE<br \/>\n<strong>Mre\u017ena kartica-brzina [Mbit]:<\/strong>\u00a010\/100\/1000<br \/>\n<strong>Utori za pro\u0161irenje:<\/strong>\u00a02xSO DIMM,1xS-ATA<br \/>\n<strong>Ku\u0107i\u0161te\/dimenzije:<span style=\"color: #ff0000\">\u00a0mini , dimenzije ku\u0107i\u0161ta: 185 x58.7 x 191 mm<\/span><\/strong><\/p>\n<\/div>\n","protected":false},"excerpt":{"rendered":"<p>Vi\u0161e o Microsoft Windows MAR licenciranju: https:\/\/www.msregrefurb.com\/RRPSite\/Information\/LicensingGuide\/LicensingGuide_en.pdf Ispravan na\u010din unosa licencnog klju\u010da s MAR Windows CoA stickera Uz svako ra\u010dunalo s predinstaliranim operativnim sustavom MAR Windows kupljenim kod COM 2000 dobivate: &#8211;\u00a0100%\u00a0genuine\u00a0Microsoft\u00a0software; &#8211; Antivirus software &#8211; Sve potrebne drivere \u2013 Windows certified; &#8211; Svaki system ima hard-disk-based recovery image. Vi\u0161e o proizvodu: Proizvo\u0111a\u010d: Fujitsu Jamstvo:\u00a012 [&#8230;]\n","protected":false},"featured_media":7472,"template":"","meta":[],"product_cat":[143,86],"product_tag":[233,238,139,235,160,158,234,159],"_links":{"self":[{"href":"https:\/\/com2000.hr\/trgovina\/wp-json\/wp\/v2\/product\/8371"}],"collection":[{"href":"https:\/\/com2000.hr\/trgovina\/wp-json\/wp\/v2\/product"}],"about":[{"href":"https:\/\/com2000.hr\/trgovina\/wp-json\/wp\/v2\/types\/product"}],"wp:featuredmedia":[{"embeddable":true,"href":"https:\/\/com2000.hr\/trgovina\/wp-json\/wp\/v2\/media\/7472"}],"wp:attachment":[{"href":"https:\/\/com2000.hr\/trgovina\/wp-json\/wp\/v2\/media?parent=8371"}],"wp:term":[{"taxonomy":"product_cat","embeddable":true,"href":"https:\/\/com2000.hr\/trgovina\/wp-json\/wp\/v2\/product_cat?post=8371"},{"taxonomy":"product_tag","embeddable":true,"href":"https:\/\/com2000.hr\/trgovina\/wp-json\/wp\/v2\/product_tag?post=8371"}],"curies":[{"name":"wp","href":"https:\/\/api.w.org\/{rel}","templated":true}]}}