{"id":8192,"date":"2021-05-04T06:19:44","date_gmt":"2021-05-04T06:19:44","guid":{"rendered":"https:\/\/com2000.hr\/trgovina\/?post_type=product&#038;p=8192"},"modified":"2026-01-15T09:21:36","modified_gmt":"2026-01-15T09:21:36","slug":"hp-elitedesk-8200-sff-intel-g-550-2-60ghz-4gb-ddr3-ram-250-gb-hdd-win-7pro-coa","status":"publish","type":"product","link":"https:\/\/com2000.hr\/trgovina\/shop\/rabljena-racunala\/intel-g\/hp-elitedesk-8200-sff-intel-g-550-2-60ghz-4gb-ddr3-ram-250-gb-hdd-win-7pro-coa\/","title":{"rendered":"HP EliteDesk 8200USDT Intel G-550 2.60GHz 4GB DDR3 RAM 250GB SATA HDD Win7Pro CoA ***bez 19,5V AC adaptera!!!!!"},"content":{"rendered":"<p><strong><span style=\"text-decoration: underline;font-size: 110%\">Uz svako ra\u010dunalo s kupljenim predinstaliranim operativnim sustavom Windows 10 ili 11 dobivate:<\/span><\/strong><br \/>\n&#8211; digitalno upisanu licencu Windows 10H\/P ili Windows 11H\/P u bios-u ra\u010dunala;<br \/>\n&#8211; hologramsku Microsoft naljepnicu na ra\u010dunalu kao potvrdu autenti\u010dnosti originalnog Microsoft softwarea;<br \/>\n&#8211; dnevno a\u017euriran Microsoft Antivirus program;<br \/>\n&#8211; sve drivere potrebne za ra\u010dunalo dostupne kroz Windows update \u2013 Windows certified;<\/p>\n<p><strong><strong>Vi\u0161e o proizvodu:<\/strong><\/strong><\/p>\n<p>Proizvo\u0111a\u010d: HP<br \/>\n<span style=\"color: #ff0000\"><strong>Jamstvo:<\/strong>\u00a0<\/span><strong><span style=\"color: #ff0000\">12 mjeseci<\/span><br \/>\n<\/strong><strong>CoA Sticker: Win. 7Pro<\/strong><\/p>\n<div>\n<p><strong>Model: EliteDesk 8200<\/strong><br \/>\n<strong>Procesor: Intel\u00ae\u00a0Celeron\u00ae\u00a0G-550 Processor (2M Cache, 2.60 GHz)\u00a0<\/strong><br \/>\n<strong>Memorija: <span style=\"color: #ff0000\">4<\/span><span style=\"color: #ff0000\">GB DDR3<\/span><\/strong> SO-DIMM,MAX 16GB<br \/>\n<strong>Hdd: <span style=\"color: #ff0000\">250GB SATA\u00a0<\/span><\/strong><br \/>\n<strong>Raid:<\/strong>\u00a0<strong>NE<\/strong><br \/>\n<strong>Opti\u010dki ure\u0111aj: NE<\/strong><br \/>\n<strong>Grafi\u010dka kartica: Intel<\/strong> HD <strong>Graphics<\/strong><\/p>\n<p><strong>Display port:\u00a0<span style=\"color: #ff0000\">1x<\/span><\/strong><br \/>\n<strong>VGA:<span style=\"color: #ff0000\">DA<\/span><\/strong><br \/>\n<strong>Usb:<\/strong> <span style=\"color: #ff0000\"><strong>10xUSB 2.0<\/strong><\/span><br \/>\n<strong>Serijski port:NE<\/strong><br \/>\n<strong>Paralelni port:NE<\/strong><br \/>\n<strong>Zvu\u010dna kartica:<\/strong>\u00a0DA<br \/>\n<strong>Wi-FI:<\/strong>\u00a0<strong>NE (kupuje se zasebno)<\/strong><br \/>\n<strong>Mre\u017ena kartica-brzina [Mbit]:<\/strong>\u00a010\/100\/1000<br \/>\n<strong>Utori za pro\u0161irenje:<\/strong>\u00a01xmini PCI-c,2x SO-DIMM,3xS-ATA<br \/>\n<strong>Ku\u0107i\u0161te\/dimenzije:<\/strong>USDT, dimenzije ku\u0107i\u0161ta: 66 x 252 x 254 mm<\/p>\n<p><span style=\"background-color: #ffff00\"><strong>Slike artikala su ilustrativne prirode te ne moraju u potpunosti odgovarati artiklima.<\/strong><\/span><\/p>\n<\/div>\n","protected":false},"excerpt":{"rendered":"<p>Uz svako ra\u010dunalo s kupljenim predinstaliranim operativnim sustavom Windows 10 ili 11 dobivate: &#8211; digitalno upisanu licencu Windows 10H\/P ili Windows 11H\/P u bios-u ra\u010dunala; &#8211; hologramsku Microsoft naljepnicu na ra\u010dunalu kao potvrdu autenti\u010dnosti originalnog Microsoft softwarea; &#8211; dnevno a\u017euriran Microsoft Antivirus program; &#8211; sve drivere potrebne za ra\u010dunalo dostupne kroz Windows update \u2013 Windows [&#8230;]\n","protected":false},"featured_media":9024,"template":"","meta":[],"product_cat":[143,86],"product_tag":[215,105,214,136,123,155,137],"_links":{"self":[{"href":"https:\/\/com2000.hr\/trgovina\/wp-json\/wp\/v2\/product\/8192"}],"collection":[{"href":"https:\/\/com2000.hr\/trgovina\/wp-json\/wp\/v2\/product"}],"about":[{"href":"https:\/\/com2000.hr\/trgovina\/wp-json\/wp\/v2\/types\/product"}],"wp:featuredmedia":[{"embeddable":true,"href":"https:\/\/com2000.hr\/trgovina\/wp-json\/wp\/v2\/media\/9024"}],"wp:attachment":[{"href":"https:\/\/com2000.hr\/trgovina\/wp-json\/wp\/v2\/media?parent=8192"}],"wp:term":[{"taxonomy":"product_cat","embeddable":true,"href":"https:\/\/com2000.hr\/trgovina\/wp-json\/wp\/v2\/product_cat?post=8192"},{"taxonomy":"product_tag","embeddable":true,"href":"https:\/\/com2000.hr\/trgovina\/wp-json\/wp\/v2\/product_tag?post=8192"}],"curies":[{"name":"wp","href":"https:\/\/api.w.org\/{rel}","templated":true}]}}