{"id":8180,"date":"2021-04-23T08:00:58","date_gmt":"2021-04-23T08:00:58","guid":{"rendered":"https:\/\/com2000.hr\/trgovina\/?post_type=product&#038;p=8180"},"modified":"2025-11-27T13:51:20","modified_gmt":"2025-11-27T13:51:20","slug":"ssd-960-2-5-sata-novo","status":"publish","type":"product","link":"https:\/\/com2000.hr\/trgovina\/shop\/za-komponente\/ssd-960-2-5-sata-novo\/","title":{"rendered":"SSD 960 2.5&#8243; SATA (NOVO)"},"content":{"rendered":"<h3>-jamstvo: 3 godine<\/h3>\n<table>\n<tbody>\n<tr valign=\"top\">\n<td><strong><strong>Model<\/strong><\/strong><\/td>\n<td>Patriot SSD \/Kingston<\/td>\n<\/tr>\n<tr>\n<td><\/td>\n<td><\/td>\n<\/tr>\n<tr valign=\"top\">\n<td><strong>Namjena<\/strong><\/td>\n<td>SSD pogon<\/td>\n<\/tr>\n<tr valign=\"top\">\n<td><strong>Kapacitet<\/strong><\/td>\n<td>960 GB<\/td>\n<\/tr>\n<tr valign=\"top\">\n<td><strong>Kontroler<\/strong><\/td>\n<td>Phison S10<\/td>\n<\/tr>\n<tr valign=\"top\">\n<td><strong>Brzina \u010ditanja<\/strong><\/td>\n<td>500 MB\/s<\/td>\n<\/tr>\n<tr valign=\"top\">\n<td><strong>Brzina pisanja43<\/strong><\/td>\n<td>450 MB\/s<\/td>\n<\/tr>\n<tr valign=\"top\">\n<td><strong>Operacija u sekundi (IOPS)<\/strong><\/td>\n<td>\u010citanje: 100K IOPs<br \/>\nPisanje: 23K IOPs<\/td>\n<\/tr>\n<tr valign=\"top\">\n<td><strong>Su\u010delje<\/strong><\/td>\n<td>SATA3 6Gbps<\/td>\n<\/tr>\n<tr valign=\"top\">\n<td><strong>Dimenzije<\/strong><\/td>\n<td>100 x 69.85 x 7mm<\/td>\n<\/tr>\n<tr valign=\"top\">\n<td><strong>Ostalo<\/strong><\/td>\n<td>Smart ECC<br \/>\nSmart Refresh<br \/>\nPodr\u017eani OS: Windows\u00ae XP \/ Vista \/ 7 \/ 8 \/ Mac\u00ae OS \/ Linux<br \/>\nCertifikati: CE\/FCC\/RoHS<br \/>\nMTBF: 2,000,000<br \/>\nRadna temperatura: 0\u00b0 ~ 70\u00b0C<br \/>\nGarancija: 3 godine<\/td>\n<\/tr>\n<\/tbody>\n<\/table>\n","protected":false},"excerpt":{"rendered":"<p>-jamstvo: 3 godine Model Patriot SSD \/Kingston Namjena SSD pogon Kapacitet 960 GB Kontroler Phison S10 Brzina \u010ditanja 500 MB\/s Brzina pisanja43 450 MB\/s Operacija u sekundi (IOPS) \u010citanje: 100K IOPs Pisanje: 23K IOPs Su\u010delje SATA3 6Gbps Dimenzije 100 x 69.85 x 7mm Ostalo Smart ECC Smart Refresh Podr\u017eani OS: Windows\u00ae XP \/ Vista \/ [&#8230;]\n","protected":false},"featured_media":3401,"template":"","meta":[],"product_cat":[76],"product_tag":[],"_links":{"self":[{"href":"https:\/\/com2000.hr\/trgovina\/wp-json\/wp\/v2\/product\/8180"}],"collection":[{"href":"https:\/\/com2000.hr\/trgovina\/wp-json\/wp\/v2\/product"}],"about":[{"href":"https:\/\/com2000.hr\/trgovina\/wp-json\/wp\/v2\/types\/product"}],"wp:featuredmedia":[{"embeddable":true,"href":"https:\/\/com2000.hr\/trgovina\/wp-json\/wp\/v2\/media\/3401"}],"wp:attachment":[{"href":"https:\/\/com2000.hr\/trgovina\/wp-json\/wp\/v2\/media?parent=8180"}],"wp:term":[{"taxonomy":"product_cat","embeddable":true,"href":"https:\/\/com2000.hr\/trgovina\/wp-json\/wp\/v2\/product_cat?post=8180"},{"taxonomy":"product_tag","embeddable":true,"href":"https:\/\/com2000.hr\/trgovina\/wp-json\/wp\/v2\/product_tag?post=8180"}],"curies":[{"name":"wp","href":"https:\/\/api.w.org\/{rel}","templated":true}]}}