{"id":7658,"date":"2020-11-04T12:19:55","date_gmt":"2020-11-04T12:19:55","guid":{"rendered":"https:\/\/com2000.hr\/trgovina\/?post_type=product&#038;p=7658"},"modified":"2023-01-01T14:45:06","modified_gmt":"2023-01-01T14:45:06","slug":"logitech-mk220-tipkovn-mis-crna-usb-bezicna","status":"publish","type":"product","link":"https:\/\/com2000.hr\/trgovina\/shop\/dodatna-oprema\/logitech-mk220-tipkovn-mis-crna-usb-bezicna\/","title":{"rendered":"Logitech MK220, tipkovn\/mi\u0161, crna, usb, be\u017ei\u010dna"},"content":{"rendered":"<p>Space saving wireless keyboard<\/p>\n","protected":false},"excerpt":{"rendered":"<p>Space saving wireless keyboard<\/p>\n","protected":false},"featured_media":7659,"template":"","meta":[],"product_cat":[74],"product_tag":[],"_links":{"self":[{"href":"https:\/\/com2000.hr\/trgovina\/wp-json\/wp\/v2\/product\/7658"}],"collection":[{"href":"https:\/\/com2000.hr\/trgovina\/wp-json\/wp\/v2\/product"}],"about":[{"href":"https:\/\/com2000.hr\/trgovina\/wp-json\/wp\/v2\/types\/product"}],"wp:featuredmedia":[{"embeddable":true,"href":"https:\/\/com2000.hr\/trgovina\/wp-json\/wp\/v2\/media\/7659"}],"wp:attachment":[{"href":"https:\/\/com2000.hr\/trgovina\/wp-json\/wp\/v2\/media?parent=7658"}],"wp:term":[{"taxonomy":"product_cat","embeddable":true,"href":"https:\/\/com2000.hr\/trgovina\/wp-json\/wp\/v2\/product_cat?post=7658"},{"taxonomy":"product_tag","embeddable":true,"href":"https:\/\/com2000.hr\/trgovina\/wp-json\/wp\/v2\/product_tag?post=7658"}],"curies":[{"name":"wp","href":"https:\/\/api.w.org\/{rel}","templated":true}]}}