{"id":7179,"date":"2020-01-08T10:20:36","date_gmt":"2020-01-08T10:20:36","guid":{"rendered":"https:\/\/com2000.hr\/trgovina\/?post_type=product&#038;p=7179"},"modified":"2023-01-01T15:11:49","modified_gmt":"2023-01-01T15:11:49","slug":"hp-elitedesk-800-g1-mini-pc-g3220t-4th-generation-4gb-ddr3-ram-500-gb-hdd-win-7pro-coa","status":"publish","type":"product","link":"https:\/\/com2000.hr\/trgovina\/shop\/rabljena-racunala\/hp-elitedesk-800-g1-mini-pc-g3220t-4th-generation-4gb-ddr3-ram-500-gb-hdd-win-7pro-coa\/","title":{"rendered":"HP ProDesk 600 G1 mini pc &#8211; G3220T (4th gen.) 4GB DDR3 RAM 500 GB HDD Win 8Pro CoA"},"content":{"rendered":"<p><a id=\"yui_3_16_0_1_1446018224853_2652\" href=\"https:\/\/www.msregrefurb.com\/RRPSite\/Information\/LicensingGuide\/LicensingGuide_en.pdf\">Vi\u0161e o Microsoft Windows MAR licenciranju:<\/a><\/p>\n<p><a id=\"yui_3_16_0_1_1446018224853_2652\" href=\"https:\/\/www.msregrefurb.com\/RRPSite\/Information\/LicensingGuide\/LicensingGuide_en.pdf\"> https:\/\/www.msregrefurb.com\/RRPSite\/Information\/LicensingGuide\/LicensingGuide_en.pdf<\/a><\/p>\n<p><a href=\"http:\/\/com2000.hr\/wp-content\/uploads\/2016\/11\/Concealment-Usage-v2-1.pdf\">Ispravan na\u010din unosa licencnog klju\u010da s MAR Windows CoA stickera<\/a><\/p>\n<p>Uz svako ra\u010dunalo s predinstaliranim operativnim sustavom MAR Windows kupljenim kod COM 2000 dobivate:<br \/>\n&#8211;\u00a0100%\u00a0genuine\u00a0Microsoft\u00a0software;<br \/>\n&#8211; Antivirus software<br \/>\n&#8211; Sve potrebne drivere \u2013 Windows certified;<br \/>\n&#8211; Svaki system ima hard-disk-based recovery image.<\/p>\n<p><strong><strong>Vi\u0161e o proizvodu:<\/strong><\/strong><\/p>\n<p>Proizvo\u0111a\u010d: <strong>HP<\/strong><br \/>\n<span style=\"color: #ff0000\"><strong>Jamstvo:<\/strong>\u00a0<\/span><strong><span style=\"color: #ff0000\">12 mjeseci<\/span><br \/>\n<\/strong><strong>CoA Sticker: Win 8Pro\u00a0<\/strong><\/p>\n<div>\n<p><strong>Model: ProDesk 600 G1 <span style=\"color: #ff0000\">mini pc<\/span><\/strong><br \/>\n<strong>Procesor:\u00a0<\/strong>Intel\u00ae Core\u2122 <span style=\"color: #ff0000\"><b><i>G3220T<\/i><\/b><\/span>\u00a0Processor (3M Cache, up to 3.00 GHz)<br \/>\n<strong>Memorija: <span style=\"color: #ff0000\">4<\/span><\/strong><span style=\"color: #ff0000\">GB DDR3<\/span> SO-DIMM,MAX 16GB<br \/>\n<strong>Hdd:<span style=\"color: #333333\"> 500 GB HDD<\/span><\/strong><br \/>\n<strong>Raid:<\/strong>\u00a0<strong>NE<\/strong><br \/>\n<strong>Opti\u010dki ure\u0111aj:\u00a0NE<\/strong><br \/>\n<strong>Fdd:<\/strong>\u00a0<strong>NE<\/strong><br \/>\n<strong>Grafi\u010dka kartica: Intel<\/strong> HD <strong>4600<\/strong><\/p>\n<p><strong>Display port:\u00a0<span style=\"color: #ff0000\">2x<\/span><\/strong><br \/>\n<strong>Zvu\u010dna kartica:<\/strong>\u00a0DA<br \/>\n<strong>Usb:<\/strong>\u00a0<span style=\"color: #ff0000\"><strong>6xUSB 3.0<\/strong><\/span><br \/>\n<strong>Serijski port:NE<\/strong><br \/>\n<strong>Paralelni port:NE<\/strong><br \/>\n<strong>PS\/2:<\/strong>\u00a0NE<br \/>\n<strong>Wi-FI:<\/strong>\u00a0<strong>NE<\/strong><br \/>\n<strong>Mre\u017ena kartica-brzina [Mbit]:<\/strong>\u00a010\/100\/1000<br \/>\n<strong>Utori za pro\u0161irenje:<\/strong>\u00a02xSO DIMM,1xS-ATA<span style=\"color: #ff0000\">,PCI-e M.2 slot za SSD disk<\/span><br \/>\n<strong>Ku\u0107i\u0161te\/dimenzije:<span style=\"color: #ff0000\">\u00a0mini , dimenzije ku\u0107i\u0161ta: 175 x34 x 175 mm<\/span><\/strong><\/p>\n<\/div>\n","protected":false},"excerpt":{"rendered":"<p>Vi\u0161e o Microsoft Windows MAR licenciranju: https:\/\/www.msregrefurb.com\/RRPSite\/Information\/LicensingGuide\/LicensingGuide_en.pdf Ispravan na\u010din unosa licencnog klju\u010da s MAR Windows CoA stickera Uz svako ra\u010dunalo s predinstaliranim operativnim sustavom MAR Windows kupljenim kod COM 2000 dobivate: &#8211;\u00a0100%\u00a0genuine\u00a0Microsoft\u00a0software; &#8211; Antivirus software &#8211; Sve potrebne drivere \u2013 Windows certified; &#8211; Svaki system ima hard-disk-based recovery image. Vi\u0161e o proizvodu: Proizvo\u0111a\u010d: HP Jamstvo:\u00a012 [&#8230;]\n","protected":false},"featured_media":7180,"template":"","meta":[],"product_cat":[86],"product_tag":[],"_links":{"self":[{"href":"https:\/\/com2000.hr\/trgovina\/wp-json\/wp\/v2\/product\/7179"}],"collection":[{"href":"https:\/\/com2000.hr\/trgovina\/wp-json\/wp\/v2\/product"}],"about":[{"href":"https:\/\/com2000.hr\/trgovina\/wp-json\/wp\/v2\/types\/product"}],"wp:featuredmedia":[{"embeddable":true,"href":"https:\/\/com2000.hr\/trgovina\/wp-json\/wp\/v2\/media\/7180"}],"wp:attachment":[{"href":"https:\/\/com2000.hr\/trgovina\/wp-json\/wp\/v2\/media?parent=7179"}],"wp:term":[{"taxonomy":"product_cat","embeddable":true,"href":"https:\/\/com2000.hr\/trgovina\/wp-json\/wp\/v2\/product_cat?post=7179"},{"taxonomy":"product_tag","embeddable":true,"href":"https:\/\/com2000.hr\/trgovina\/wp-json\/wp\/v2\/product_tag?post=7179"}],"curies":[{"name":"wp","href":"https:\/\/api.w.org\/{rel}","templated":true}]}}