{"id":6627,"date":"2019-02-22T13:49:17","date_gmt":"2019-02-22T13:49:17","guid":{"rendered":"https:\/\/com2000.hr\/trgovina\/?post_type=product&#038;p=6627"},"modified":"2023-01-01T15:22:37","modified_gmt":"2023-01-01T15:22:37","slug":"17-lcd-monitor-nec-e171m-crno-srebrni","status":"publish","type":"product","link":"https:\/\/com2000.hr\/trgovina\/shop\/rabljeni-monitori\/lcd-17-20\/17-lcd-monitor-nec-e171m-crno-srebrni\/","title":{"rendered":"17&#8243; LCD monitor IIyama BD1780SD Crna"},"content":{"rendered":"<ul>\n<li><strong><span style=\"color: #ff0000\">Jamstvo:12 mjeseci<\/span><\/strong><\/li>\n<li>Proizvo\u0111a\u010d:IIyama<\/li>\n<li>Model:BD1780SD<\/li>\n<li>Veli\u010dina ekrana:17&#8243;<\/li>\n<li>Format ekrana:4:3<\/li>\n<li>Vrijeme odziva:5ms<\/li>\n<li>Rezolucija:1280&#215;1024<\/li>\n<li>Kontrast:1000:1<\/li>\n<li>Svjetlina:250 cd\/m2<\/li>\n<li>Priklju\u010dci:VGA,DVI<\/li>\n<li>Posebnosti:<\/li>\n<li>Boja:Crno-srebrni<\/li>\n<li>Te\u017eina:3.5kg<\/li>\n<li>Dimenzije (sa stalkom) \u0160xDxV:373 x 210 x 405<\/li>\n<\/ul>\n","protected":false},"excerpt":{"rendered":"<p>Jamstvo:12 mjeseci Proizvo\u0111a\u010d:IIyama Model:BD1780SD Veli\u010dina ekrana:17&#8243; Format ekrana:4:3 Vrijeme odziva:5ms Rezolucija:1280&#215;1024 Kontrast:1000:1 Svjetlina:250 cd\/m2 Priklju\u010dci:VGA,DVI Posebnosti: Boja:Crno-srebrni Te\u017eina:3.5kg Dimenzije (sa stalkom) \u0160xDxV:373 x 210 x 405<\/p>\n","protected":false},"featured_media":8152,"template":"","meta":[],"product_cat":[145,72],"product_tag":[],"_links":{"self":[{"href":"https:\/\/com2000.hr\/trgovina\/wp-json\/wp\/v2\/product\/6627"}],"collection":[{"href":"https:\/\/com2000.hr\/trgovina\/wp-json\/wp\/v2\/product"}],"about":[{"href":"https:\/\/com2000.hr\/trgovina\/wp-json\/wp\/v2\/types\/product"}],"wp:featuredmedia":[{"embeddable":true,"href":"https:\/\/com2000.hr\/trgovina\/wp-json\/wp\/v2\/media\/8152"}],"wp:attachment":[{"href":"https:\/\/com2000.hr\/trgovina\/wp-json\/wp\/v2\/media?parent=6627"}],"wp:term":[{"taxonomy":"product_cat","embeddable":true,"href":"https:\/\/com2000.hr\/trgovina\/wp-json\/wp\/v2\/product_cat?post=6627"},{"taxonomy":"product_tag","embeddable":true,"href":"https:\/\/com2000.hr\/trgovina\/wp-json\/wp\/v2\/product_tag?post=6627"}],"curies":[{"name":"wp","href":"https:\/\/api.w.org\/{rel}","templated":true}]}}