{"id":6270,"date":"2025-07-15T09:54:23","date_gmt":"2025-07-15T09:54:23","guid":{"rendered":"https:\/\/com2000.hr\/trgovina\/?post_type=product&#038;p=6270"},"modified":"2026-02-10T11:27:56","modified_gmt":"2026-02-10T11:27:56","slug":"nec-ea244-wmi-ips-24-lcd-1920x1200-16-10-bijeli","status":"publish","type":"product","link":"https:\/\/com2000.hr\/trgovina\/shop\/rabljeni-monitori\/lcd-22-27\/nec-ea244-wmi-ips-24-lcd-1920x1200-16-10-bijeli\/","title":{"rendered":"NEC Multisync EA244WMi 24&#8243; LCD Full HD1920x1200 (WUXGA) 16:10"},"content":{"rendered":"<ul>\n<li><strong><span style=\"color: #ff0000\">Jamstvo:12 mjeseci<\/span><\/strong><\/li>\n<li>Proizvo\u0111a\u010d:Nec<\/li>\n<li>Model:EA244WMi<\/li>\n<li>Veli\u010dina ekrana:24&#8243;<\/li>\n<li>Format ekrana:16:10<\/li>\n<li>Vrijeme odziva:6ms<\/li>\n<li>Rezolucija:1920&#215;1200<\/li>\n<li>Kontrast:1000:1<\/li>\n<li>Svjetlina:350 cd\/m2<\/li>\n<li>Priklju\u010dci:VGA,DVI,DisplayPort,<strong><span style=\"color: #ff0000\">HDMI<\/span><\/strong><\/li>\n<li>Posebnosti:<span style=\"color: #ff0000\">zvu\u010dnici,IPS\/LED panel,2xUSB<\/span><\/li>\n<li>Boja:bijela<\/li>\n<li>Te\u017eina:6.7kg<\/li>\n<li>Dimenzije (sa stalkom) \u0160xDxV: 556.2 x 230 x 408.9 mm<\/li>\n<li><span style=\"color: #ff0000\">Uz monitor isporu\u010dujemo DVI i naponski kabel<\/span><\/li>\n<li>Stanje:A<\/li>\n<\/ul>\n<p>&nbsp;<\/p>\n<p>&nbsp;<\/p>\n","protected":false},"excerpt":{"rendered":"<p>Jamstvo:12 mjeseci Proizvo\u0111a\u010d:Nec Model:EA244WMi Veli\u010dina ekrana:24&#8243; Format ekrana:16:10 Vrijeme odziva:6ms Rezolucija:1920&#215;1200 Kontrast:1000:1 Svjetlina:350 cd\/m2 Priklju\u010dci:VGA,DVI,DisplayPort,HDMI Posebnosti:zvu\u010dnici,IPS\/LED panel,2xUSB Boja:bijela Te\u017eina:6.7kg Dimenzije (sa stalkom) \u0160xDxV: 556.2 x 230 x 408.9 mm Uz monitor isporu\u010dujemo DVI i naponski kabel Stanje:A &nbsp; &nbsp;<\/p>\n","protected":false},"featured_media":10369,"template":"","meta":[],"product_cat":[146,72],"product_tag":[361,219,220,360],"_links":{"self":[{"href":"https:\/\/com2000.hr\/trgovina\/wp-json\/wp\/v2\/product\/6270"}],"collection":[{"href":"https:\/\/com2000.hr\/trgovina\/wp-json\/wp\/v2\/product"}],"about":[{"href":"https:\/\/com2000.hr\/trgovina\/wp-json\/wp\/v2\/types\/product"}],"wp:featuredmedia":[{"embeddable":true,"href":"https:\/\/com2000.hr\/trgovina\/wp-json\/wp\/v2\/media\/10369"}],"wp:attachment":[{"href":"https:\/\/com2000.hr\/trgovina\/wp-json\/wp\/v2\/media?parent=6270"}],"wp:term":[{"taxonomy":"product_cat","embeddable":true,"href":"https:\/\/com2000.hr\/trgovina\/wp-json\/wp\/v2\/product_cat?post=6270"},{"taxonomy":"product_tag","embeddable":true,"href":"https:\/\/com2000.hr\/trgovina\/wp-json\/wp\/v2\/product_tag?post=6270"}],"curies":[{"name":"wp","href":"https:\/\/api.w.org\/{rel}","templated":true}]}}