{"id":4633,"date":"2016-10-17T07:47:17","date_gmt":"2016-10-17T07:47:17","guid":{"rendered":"http:\/\/com2000.hr\/shop\/17-lcd-monitor-fujitsu-siemensnec-u-dolasku-do-05-11-2017\/"},"modified":"2024-07-23T08:25:52","modified_gmt":"2024-07-23T08:25:52","slug":"17-lcd-monitor-fujitsu-siemensnec","status":"publish","type":"product","link":"https:\/\/com2000.hr\/trgovina\/shop\/rabljeni-monitori\/lcd-17-20\/17-lcd-monitor-fujitsu-siemensnec\/","title":{"rendered":"17&#8243; LCD monitor NEC"},"content":{"rendered":"<ul>\n<li><strong><span style=\"color: #ff0000\">Jamstvo:12 mjeseci<\/span><\/strong><\/li>\n<li>Proizvo\u0111a\u010d:NEC<\/li>\n<li>Model:175M\/E171M<\/li>\n<li>Veli\u010dina ekrana:17&#8243;<\/li>\n<li>Format ekrana:4:3<\/li>\n<li>Vrijeme odziva:5ms<\/li>\n<li>Rezolucija:1280&#215;1024<\/li>\n<li>Kontrast:1000:1<\/li>\n<li>Svjetlina:250 cd\/m2<\/li>\n<li>Priklju\u010dci:VGA,DVI<\/li>\n<li>Posebnosti:<\/li>\n<li>Boja:Bijela<\/li>\n<li>Te\u017eina:3.5kg<\/li>\n<li>Dimenzije (sa stalkom) \u0160xDxV:373 x 210 x 405<\/li>\n<li><span style=\"color: #ed1c24\">Uz monitor dolazi DVI kabel<\/span><\/li>\n<li><span style=\"color: #ff0000\">Uz monitor NE dolazi kabel za napajanje<\/span><\/li>\n<\/ul>\n","protected":false},"excerpt":{"rendered":"<p>Jamstvo:12 mjeseci Proizvo\u0111a\u010d:NEC Model:175M\/E171M Veli\u010dina ekrana:17&#8243; Format ekrana:4:3 Vrijeme odziva:5ms Rezolucija:1280&#215;1024 Kontrast:1000:1 Svjetlina:250 cd\/m2 Priklju\u010dci:VGA,DVI Posebnosti: Boja:Bijela Te\u017eina:3.5kg Dimenzije (sa stalkom) \u0160xDxV:373 x 210 x 405 Uz monitor dolazi DVI kabel Uz monitor NE dolazi kabel za napajanje<\/p>\n","protected":false},"featured_media":9747,"template":"","meta":[],"product_cat":[145,72],"product_tag":[],"_links":{"self":[{"href":"https:\/\/com2000.hr\/trgovina\/wp-json\/wp\/v2\/product\/4633"}],"collection":[{"href":"https:\/\/com2000.hr\/trgovina\/wp-json\/wp\/v2\/product"}],"about":[{"href":"https:\/\/com2000.hr\/trgovina\/wp-json\/wp\/v2\/types\/product"}],"wp:featuredmedia":[{"embeddable":true,"href":"https:\/\/com2000.hr\/trgovina\/wp-json\/wp\/v2\/media\/9747"}],"wp:attachment":[{"href":"https:\/\/com2000.hr\/trgovina\/wp-json\/wp\/v2\/media?parent=4633"}],"wp:term":[{"taxonomy":"product_cat","embeddable":true,"href":"https:\/\/com2000.hr\/trgovina\/wp-json\/wp\/v2\/product_cat?post=4633"},{"taxonomy":"product_tag","embeddable":true,"href":"https:\/\/com2000.hr\/trgovina\/wp-json\/wp\/v2\/product_tag?post=4633"}],"curies":[{"name":"wp","href":"https:\/\/api.w.org\/{rel}","templated":true}]}}