{"id":4123,"date":"2017-03-09T13:27:41","date_gmt":"2017-03-09T13:27:41","guid":{"rendered":"http:\/\/com2000.hr\/shop\/genius-kb-8000x-tipkovnicamis-usb-crna-wireless\/"},"modified":"2026-01-09T07:48:41","modified_gmt":"2026-01-09T07:48:41","slug":"genius-kb-8101-tipkovnicamis-usb-crna-wireless","status":"publish","type":"product","link":"https:\/\/com2000.hr\/trgovina\/shop\/dodatna-oprema\/genius-kb-8101-tipkovnicamis-usb-crna-wireless\/","title":{"rendered":"Genius Smart KM-8101, tipkovn\/mi\u0161, crna, be\u017ei\u010dna"},"content":{"rendered":"","protected":false},"excerpt":{"rendered":"","protected":false},"featured_media":5208,"template":"","meta":[],"product_cat":[74],"product_tag":[],"_links":{"self":[{"href":"https:\/\/com2000.hr\/trgovina\/wp-json\/wp\/v2\/product\/4123"}],"collection":[{"href":"https:\/\/com2000.hr\/trgovina\/wp-json\/wp\/v2\/product"}],"about":[{"href":"https:\/\/com2000.hr\/trgovina\/wp-json\/wp\/v2\/types\/product"}],"wp:featuredmedia":[{"embeddable":true,"href":"https:\/\/com2000.hr\/trgovina\/wp-json\/wp\/v2\/media\/5208"}],"wp:attachment":[{"href":"https:\/\/com2000.hr\/trgovina\/wp-json\/wp\/v2\/media?parent=4123"}],"wp:term":[{"taxonomy":"product_cat","embeddable":true,"href":"https:\/\/com2000.hr\/trgovina\/wp-json\/wp\/v2\/product_cat?post=4123"},{"taxonomy":"product_tag","embeddable":true,"href":"https:\/\/com2000.hr\/trgovina\/wp-json\/wp\/v2\/product_tag?post=4123"}],"curies":[{"name":"wp","href":"https:\/\/api.w.org\/{rel}","templated":true}]}}