{"id":3805,"date":"2025-02-28T07:12:34","date_gmt":"2025-02-28T07:12:34","guid":{"rendered":"http:\/\/com2000.hr\/?post_type=product&#038;p=3805"},"modified":"2026-04-14T07:20:50","modified_gmt":"2026-04-14T07:20:50","slug":"partner-rp330-termalni-pisac-ethernet","status":"publish","type":"product","link":"https:\/\/com2000.hr\/trgovina\/shop\/pc-blagajne\/partner-rp330-termalni-pisac-ethernet\/","title":{"rendered":"Partner RP 330 mre\u017eni POS pisa\u010d s reza\u010dem, 250mm\/s, 80mm, Interfaces: USB,Ethernet, QR-Code"},"content":{"rendered":"<p><span style=\"color: #ff0000\">-uz printer dolaze punja\u010d i usb kabel<\/span><\/p>\n<p><span style=\"color: #ff0000\">-naponski kabel kupuje se zasebno<\/span><\/p>\n<div id=\"content\">\n<div id=\"page\">\n<div class=\"tabs\">\n<div id=\"pagecontent\">\n<p><strong><span style=\"color: #ff0000\">\u2022 Stanje:A<br \/>\n<\/span><span style=\"color: #ff0000\">\u2022 Jamstvo: 12 mjeseci<\/span><\/strong><\/p>\n<p><strong>Link za driver:<\/strong><\/p>\n<p><a href=\"https:\/\/ncl1.partner-tech.eu\/index.php\/s\/cHGbTyeR9R3CFcg?path=%2F6_Peripherals%2FPrinter%2FRP-330%2FDriver\">https:\/\/ncl1.partner-tech.eu\/index.php\/s\/cHGbTyeR9R3CFcg?path=%2F6_Peripherals%2FPrinter%2FRP-330%2FDriver<\/a><\/p>\n<h4 id=\"section-Wincor+Nixdorf+TH230-Tehni_C4_8DkiPodatci\">Tehni\u010dki podaci:<\/h4>\n<ul>\n<li>POS printer Rongta RP 330<br \/>\n&#8211; Visoka brzina ispisa 250mm\/s, niska razina buke<br \/>\n&#8211; Automatski reza\u010d (do 1,5 milliona rezanja)<br \/>\n&#8211; Stolna ili zidna monta\u017ea, jednostavna konstrukcija<br \/>\n&#8211; Priklju\u010dci: USB, serial,<span style=\"color: #ff0000\"><strong> ethernet<\/strong><\/span><br \/>\n&#8211; Prikladno za kuhinje, recepcije i mnoge druge primjeneSpecifikacije<br \/>\n&#8211; Metoda pisanja: termalni linijski ispis<br \/>\n&#8211; Tehnologija: toplinski ispis<br \/>\n&#8211; Brzina pisanja: 250 mm\/sek<br \/>\n&#8211; Red, kapacitet, ra\u010dun: \u0161irina papira 80 mm, 48 \/ 72<br \/>\n&#8211; Skup znakova: alfa-numeri\u010dki, me\u0111unarodni, grafikon<br \/>\n&#8211; To\u010daka po liniji: 576 dots\/line or 384 dots\/line<br \/>\n&#8211; Gusto\u0107a to\u010daka: 203 dpi x 203 dpi<br \/>\n&#8211; Tisak u boji: crna<br \/>\n&#8211; Tiskani znakovi: tekst (uklj. simbol za euro), grafika, barkod<br \/>\n&#8211; Tipovi papira: bon<br \/>\n&#8211; Format papira, valjak s papirom: 79,50 \u00b1 0,50 (\u0160) mm x promj. 80,00 mm<br \/>\n&#8211; Priklju\u010dci: RS-232, USB 2.0 tipa B, LAN ethernet, Izbacivanje ladice<br \/>\n&#8211; Napajanje: strujni ispravlja\u010d, C1<br \/>\n&#8211; Emulacije: ESC\/POS\/OPOS<br \/>\n&#8211; Upravlja\u010dki programi: WIN2003\/WINXP\/WIN7\/WIN8\/WIN10\/LINUX\/Mac<br \/>\n&#8211; Radni napon: 24 V<br \/>\n&#8211; Mjere proizvoda: 140 x 191 x 143 mm (\u0161irina x dubina x visina)<br \/>\n&#8211; Masa proizvoda: 1,1 kg<br \/>\n&#8211; Boja: crna<br \/>\n&#8211; Instalacija: vodoravno, uspravno<br \/>\n&#8211; Certifikati: 3C, CE, FCCID , ROHS, BIS, REACH<br \/>\n&#8211; Temperatura: rad 0\u00b0 C &#8211; 45\u00b0 C, skladi\u0161tenje -10\u00b0 C &#8211; 60\u00b0 C<br \/>\n&#8211; Vijek trajanja automatskog reza\u010da: 1.500.000 rezova<br \/>\n&#8211; Jedinica za rezanje: djelomi\u010dni rez<br \/>\n&#8211; Opseg isporuke: strujni ispravlja\u010d, EURO AC kabel, glavni ure\u0111aj, papir na valjku<\/li>\n<\/ul>\n<\/div>\n<div><\/div>\n<\/div>\n<\/div>\n<\/div>\n<div id=\"footer\"><\/div>\n","protected":false},"excerpt":{"rendered":"<p>-uz printer dolaze punja\u010d i usb kabel -naponski kabel kupuje se zasebno \u2022 Stanje:A \u2022 Jamstvo: 12 mjeseci Link za driver: https:\/\/ncl1.partner-tech.eu\/index.php\/s\/cHGbTyeR9R3CFcg?path=%2F6_Peripherals%2FPrinter%2FRP-330%2FDriver Tehni\u010dki podaci: POS printer Rongta RP 330 &#8211; Visoka brzina ispisa 250mm\/s, niska razina buke &#8211; Automatski reza\u010d (do 1,5 milliona rezanja) &#8211; Stolna ili zidna monta\u017ea, jednostavna konstrukcija &#8211; Priklju\u010dci: USB, serial, [&#8230;]\n","protected":false},"featured_media":9027,"template":"","meta":[],"product_cat":[69,88],"product_tag":[331,191,332,150,190,148,192],"_links":{"self":[{"href":"https:\/\/com2000.hr\/trgovina\/wp-json\/wp\/v2\/product\/3805"}],"collection":[{"href":"https:\/\/com2000.hr\/trgovina\/wp-json\/wp\/v2\/product"}],"about":[{"href":"https:\/\/com2000.hr\/trgovina\/wp-json\/wp\/v2\/types\/product"}],"wp:featuredmedia":[{"embeddable":true,"href":"https:\/\/com2000.hr\/trgovina\/wp-json\/wp\/v2\/media\/9027"}],"wp:attachment":[{"href":"https:\/\/com2000.hr\/trgovina\/wp-json\/wp\/v2\/media?parent=3805"}],"wp:term":[{"taxonomy":"product_cat","embeddable":true,"href":"https:\/\/com2000.hr\/trgovina\/wp-json\/wp\/v2\/product_cat?post=3805"},{"taxonomy":"product_tag","embeddable":true,"href":"https:\/\/com2000.hr\/trgovina\/wp-json\/wp\/v2\/product_tag?post=3805"}],"curies":[{"name":"wp","href":"https:\/\/api.w.org\/{rel}","templated":true}]}}