{"id":2487,"date":"2013-02-23T09:55:26","date_gmt":"2013-02-23T09:55:26","guid":{"rendered":"http:\/\/com2000.hr\/?post_type=product&#038;p=2487"},"modified":"2026-03-10T14:35:19","modified_gmt":"2026-03-10T14:35:19","slug":"tipkovnica-genius-km-110x-usbotporna-na-prolijevanjecrna","status":"publish","type":"product","link":"https:\/\/com2000.hr\/trgovina\/shop\/dodatna-oprema\/tipkovnica-genius-km-110x-usbotporna-na-prolijevanjecrna\/","title":{"rendered":"Genius KM-160\/KM-200 tipkovnica+mi\u0161, USB, \u017ei\u010dna, crna"},"content":{"rendered":"","protected":false},"excerpt":{"rendered":"","protected":false},"featured_media":5224,"template":"","meta":[],"product_cat":[74],"product_tag":[],"_links":{"self":[{"href":"https:\/\/com2000.hr\/trgovina\/wp-json\/wp\/v2\/product\/2487"}],"collection":[{"href":"https:\/\/com2000.hr\/trgovina\/wp-json\/wp\/v2\/product"}],"about":[{"href":"https:\/\/com2000.hr\/trgovina\/wp-json\/wp\/v2\/types\/product"}],"wp:featuredmedia":[{"embeddable":true,"href":"https:\/\/com2000.hr\/trgovina\/wp-json\/wp\/v2\/media\/5224"}],"wp:attachment":[{"href":"https:\/\/com2000.hr\/trgovina\/wp-json\/wp\/v2\/media?parent=2487"}],"wp:term":[{"taxonomy":"product_cat","embeddable":true,"href":"https:\/\/com2000.hr\/trgovina\/wp-json\/wp\/v2\/product_cat?post=2487"},{"taxonomy":"product_tag","embeddable":true,"href":"https:\/\/com2000.hr\/trgovina\/wp-json\/wp\/v2\/product_tag?post=2487"}],"curies":[{"name":"wp","href":"https:\/\/api.w.org\/{rel}","templated":true}]}}