{"id":10559,"date":"2026-04-15T11:46:13","date_gmt":"2026-04-15T11:46:13","guid":{"rendered":"https:\/\/com2000.hr\/trgovina\/?post_type=product&#038;p=10559"},"modified":"2026-04-16T08:09:59","modified_gmt":"2026-04-16T08:09:59","slug":"intel-nuc-10-micro-pc-i3-10110u-8th-gen-8gb-ddr4-ram-256gb-ssd-win10-11-dl-u-biosu","status":"publish","type":"product","link":"https:\/\/com2000.hr\/trgovina\/shop\/rabljena-racunala\/i3\/intel-nuc-10-micro-pc-i3-10110u-8th-gen-8gb-ddr4-ram-256gb-ssd-win10-11-dl-u-biosu\/","title":{"rendered":"INTEL NUC10I3FNKN2 Micro PC I3-10110U (10th gen.) 8GB DDR4 RAM 256GB SSD,WIFI, u dolasku do 23.04.2026.!!!!!"},"content":{"rendered":"<p><strong><span style=\"text-decoration: underline;font-size: 110%\">Uz svako ra\u010dunalo s kupljenim predinstaliranim operativnim sustavom Windows 10 ili 11 dobivate:<\/span><\/strong><br \/>\n&#8211; digitalno upisanu licencu Windows 10H\/P ili Windows 11H\/P u bios-u ra\u010dunala;<br \/>\n&#8211; hologramsku Microsoft naljepnicu na ra\u010dunalu kao potvrdu autenti\u010dnosti originalnog Microsoft softwarea;<br \/>\n&#8211; dnevno a\u017euriran Microsoft Antivirus program;<br \/>\n&#8211; sve drivere potrebne za ra\u010dunalo dostupne kroz Windows update \u2013 Windows certified;<\/p>\n<p><strong><strong>Vi\u0161e o proizvodu:<\/strong><\/strong><\/p>\n<p>Proizvo\u0111a\u010d: <strong>NUC<br \/>\n<\/strong><strong><span style=\"color: #ff0000\">\u2022 refurbished ra\u010dunalo; stanje: A<br \/>\n<\/span><span style=\"color: #ff0000\">\u2022 Jamstvo: 12 mjeseci<br \/>\n<\/span><\/strong><strong>CoA Sticker: <span style=\"color: #ed1c24\">Win.10\/11 digit.licenca u biosu<\/span><\/strong><\/p>\n<div>\n<p><strong>Model:NUC10I3FNKN2<\/strong><br \/>\n<strong>Procesor:\u00a0<\/strong>Intel\u00ae Core\u2122 <strong><span style=\"color: #ff0000\"><em>i3<\/em>&#8211;<em>10110U<\/em><\/span><\/strong> Processor (4M Cache, up to 4.10 GHz)<br \/>\n<strong>Memorija: <span style=\"color: #ff0000\">8<\/span><span style=\"color: #ff0000\">GB DDR4<\/span><\/strong><br \/>\n<strong>Hdd: <span style=\"color: #ff0000\">256<\/span><\/strong><span style=\"color: #ff0000\"><strong>GB SSD<\/strong><br \/>\n<\/span><strong>Raid:<\/strong>\u00a0<strong>NE<\/strong><br \/>\n<strong>Opti\u010dki ure\u0111aj:NE<\/strong><br \/>\n<strong>Grafi\u010dka kartica: Intel<\/strong> <strong>UHD 630<br \/>\n<\/strong><strong>USB-C\/HDMI: <span style=\"color: #ff0000\">DA\/DA<\/span><\/strong><br \/>\n<strong>VGA:<span style=\"color: #ff0000\">NE (za spajanje na VGA monitor potrebno je kupiti adapter)<\/span><\/strong><br \/>\n<strong>Usb:<\/strong>\u00a0<span style=\"color: #ff0000\"><strong>3xUSB 3.0,1xUSB-C<\/strong><\/span><br \/>\n<strong>Serijski port:<\/strong> <strong>NE<\/strong><br \/>\n<strong>Paralelni port:<span style=\"color: #333333\"> NE<\/span><\/strong><br \/>\n<strong>WI-FI:<\/strong> <span style=\"color: #ff0000\"><strong>DA<\/strong><\/span><br \/>\n<strong>Zvu\u010dna kartica:DA<\/strong><br \/>\n<strong>Mre\u017ena kartica-brzina [Mbit]:<\/strong>\u00a010\/100\/1000<br \/>\n<strong>Utori za pro\u0161irenje:<\/strong> 2xSO-DIMM,1x<span style=\"color: #333333\">\u00a0M.2 PCIe Gen3x4-2280 NMVe<\/span><br \/>\n<strong>Ku\u0107i\u0161te\/dimenzije: <span style=\"color: #ff0000\">Mini pc, dimenzije ku\u0107i\u0161ta: 38 x 112 x117 mm<\/span><\/strong><\/p>\n<p><span style=\"background-color: #ffff00\"><strong>Slike artikala su ilustrativne prirode te ne moraju u potpunosti odgovarati artiklima.<\/strong><\/span><\/p>\n<\/div>\n","protected":false},"excerpt":{"rendered":"<p>Uz svako ra\u010dunalo s kupljenim predinstaliranim operativnim sustavom Windows 10 ili 11 dobivate: &#8211; digitalno upisanu licencu Windows 10H\/P ili Windows 11H\/P u bios-u ra\u010dunala; &#8211; hologramsku Microsoft naljepnicu na ra\u010dunalu kao potvrdu autenti\u010dnosti originalnog Microsoft softwarea; &#8211; dnevno a\u017euriran Microsoft Antivirus program; &#8211; sve drivere potrebne za ra\u010dunalo dostupne kroz Windows update \u2013 Windows [&#8230;]\n","protected":false},"featured_media":10560,"template":"","meta":[],"product_cat":[140,86],"product_tag":[386,387,388],"_links":{"self":[{"href":"https:\/\/com2000.hr\/trgovina\/wp-json\/wp\/v2\/product\/10559"}],"collection":[{"href":"https:\/\/com2000.hr\/trgovina\/wp-json\/wp\/v2\/product"}],"about":[{"href":"https:\/\/com2000.hr\/trgovina\/wp-json\/wp\/v2\/types\/product"}],"wp:featuredmedia":[{"embeddable":true,"href":"https:\/\/com2000.hr\/trgovina\/wp-json\/wp\/v2\/media\/10560"}],"wp:attachment":[{"href":"https:\/\/com2000.hr\/trgovina\/wp-json\/wp\/v2\/media?parent=10559"}],"wp:term":[{"taxonomy":"product_cat","embeddable":true,"href":"https:\/\/com2000.hr\/trgovina\/wp-json\/wp\/v2\/product_cat?post=10559"},{"taxonomy":"product_tag","embeddable":true,"href":"https:\/\/com2000.hr\/trgovina\/wp-json\/wp\/v2\/product_tag?post=10559"}],"curies":[{"name":"wp","href":"https:\/\/api.w.org\/{rel}","templated":true}]}}