{"id":10467,"date":"2026-03-26T14:32:00","date_gmt":"2026-03-26T14:32:00","guid":{"rendered":"https:\/\/com2000.hr\/trgovina\/?post_type=product&#038;p=10467"},"modified":"2026-04-14T06:59:31","modified_gmt":"2026-04-14T06:59:31","slug":"posiflex-rt-5015-all-in-one-racunalo-15-touch-monitor-intel-i7-7100-7th-gen-8gb-ram-128gb-ssd","status":"publish","type":"product","link":"https:\/\/com2000.hr\/trgovina\/shop\/rabljeni-monitori\/touch\/posiflex-rt-5015-all-in-one-racunalo-15-touch-monitor-intel-i7-7100-7th-gen-8gb-ram-128gb-ssd\/","title":{"rendered":"Posiflex RT-5015 All-in-One ra\u010dunalo 15&#8243; Touch monitor, Intel i3-7100 (7th.gen.) 8GB RAM 128GB SSD u dolasku do 22.04.2026.!!!!!"},"content":{"rendered":"<p><strong>Uz svako ra\u010dunalo s kupljenom MAR digitalnom licencom i predinstaliranim operativnim sustavom Windows 10 ili 11 dobivate:<\/strong><br \/>\n\u2013 digitalno upisanu licencu Windows 10Home\/Pro ili Windows 11Home\/Pro;<br \/>\n\u2013 hologramsku Microsoft naljepnicu na ra\u010dunalu kao potvrdu autenti\u010dnosti originalnog Microsoft softwarea;<br \/>\n\u2013 dnevno a\u017euran operativni sustav i Microsoft Antivirus program;<br \/>\n\u2013 sve drivere potrebne za ra\u010dunalo dostupne kroz Windows update \u2013 Windows certified;<\/p>\n<p><span style=\"color: #0000ff\"><strong>\u00a0<\/strong><\/span><\/p>\n<p><strong>Vi\u0161e o proizvodu:<\/strong><\/p>\n<p>Proizvo\u0111a\u010d:Posiflex<strong><br \/>\n<span style=\"color: #ff0000\">\u2022 refurbished ra\u010dunalo; stanje: A<br \/>\n<\/span><span style=\"color: #ff0000\">\u2022 Jamstvo: 12 mjeseci<br \/>\n<\/span><\/strong>\u2022 Operativni sustav: <strong><span style=\"color: #ff0000\">NE<\/span><br \/>\n<\/strong><\/p>\n<p>\u2022 <span style=\"color: #ff0000\"><strong>Procesor:<em>Intel<\/em>\u00ae\u00a0<em>Core<\/em>\u2122\u00a0<em>i3<\/em>&#8211;<em>7100<\/em> Processor (3M Cache, up to 3.90 GHz)<\/strong><\/span><\/p>\n<p>\u2022 Zaslon:<strong><span style=\"color: #ff0000\"> 15\u201d LED-backlit LCD, 4:3,Resolution 1024&#215;768, projected capacitive multi-touch<\/span><\/strong><br \/>\n\u2022 Grafi\u010dki sustav: Intel<br \/>\n\u2022 Radna memorija: <strong><span style=\"color: #ff0000\">8GB DDR4 SO-DIMM<\/span><\/strong><br \/>\n\u2022 Tvrdi disk: <strong><span style=\"color: #ff0000\">128 GB SSD<\/span><\/strong><br \/>\n\u2022 Paralelni port: <strong><span style=\"color: #ff0000\">NE<\/span><\/strong><br \/>\n\u2022 Dimenzije: 368 x 325 x 207mm<br \/>\n\u2022 Vi\u0161e o proizvodu:https:<a href=\"https:\/\/www.posiflexindia.com\/wp-content\/uploads\/2022\/01\/RT-5015-16.pdf\">https:\/\/www.posiflexindia.com\/wp-content\/uploads\/2022\/01\/RT-5015-16.pdf<\/a><br \/>\n\u2022 RS232 (standard\/powered):<span style=\"color: #ff0000\"><strong>x1<\/strong><\/span><br \/>\n\u2022 Mre\u017ea: <strong><span style=\"color: #ff0000\">da \u00a010\/100\/1000<\/span><\/strong><br \/>\n\u2022 Be\u017ei\u010dna mre\u017ea\/BT:<span style=\"color: #ff0000\"><strong> DA<\/strong><\/span><br \/>\n\u2022 Audio ulazi\/izlazi: <strong><span style=\"color: #ff0000\">NE\u00a0<\/span><\/strong><br \/>\n\u2022 USB podr\u0161ka: <span style=\"color: #ff0000\">2x USB 2.0,4xUSB 3.0<\/span><br \/>\n\u2022 VGA\/DVI:<strong><span style=\"color: #ff0000\">DA\/NE<\/span><\/strong><br \/>\n\u2022 Boja: srebrna<\/p>\n<p><span style=\"background-color: #ffff00\"><strong>Slike artikala su ilustrativne prirode te ne moraju u potpunosti odgovarati artiklima.<\/strong><\/span><\/p>\n<p>&nbsp;<\/p>\n","protected":false},"excerpt":{"rendered":"<p>Uz svako ra\u010dunalo s kupljenom MAR digitalnom licencom i predinstaliranim operativnim sustavom Windows 10 ili 11 dobivate: \u2013 digitalno upisanu licencu Windows 10Home\/Pro ili Windows 11Home\/Pro; \u2013 hologramsku Microsoft naljepnicu na ra\u010dunalu kao potvrdu autenti\u010dnosti originalnog Microsoft softwarea; \u2013 dnevno a\u017euran operativni sustav i Microsoft Antivirus program; \u2013 sve drivere potrebne za ra\u010dunalo dostupne kroz [&#8230;]\n","protected":false},"featured_media":10551,"template":"","meta":[],"product_cat":[69,144],"product_tag":[330,304,385],"_links":{"self":[{"href":"https:\/\/com2000.hr\/trgovina\/wp-json\/wp\/v2\/product\/10467"}],"collection":[{"href":"https:\/\/com2000.hr\/trgovina\/wp-json\/wp\/v2\/product"}],"about":[{"href":"https:\/\/com2000.hr\/trgovina\/wp-json\/wp\/v2\/types\/product"}],"wp:featuredmedia":[{"embeddable":true,"href":"https:\/\/com2000.hr\/trgovina\/wp-json\/wp\/v2\/media\/10551"}],"wp:attachment":[{"href":"https:\/\/com2000.hr\/trgovina\/wp-json\/wp\/v2\/media?parent=10467"}],"wp:term":[{"taxonomy":"product_cat","embeddable":true,"href":"https:\/\/com2000.hr\/trgovina\/wp-json\/wp\/v2\/product_cat?post=10467"},{"taxonomy":"product_tag","embeddable":true,"href":"https:\/\/com2000.hr\/trgovina\/wp-json\/wp\/v2\/product_tag?post=10467"}],"curies":[{"name":"wp","href":"https:\/\/api.w.org\/{rel}","templated":true}]}}