{"id":10463,"date":"2018-11-28T09:28:25","date_gmt":"2018-11-28T09:28:25","guid":{"rendered":"https:\/\/com2000.hr\/trgovina\/?post_type=product&#038;p=10463"},"modified":"2025-11-28T09:41:45","modified_gmt":"2025-11-28T09:41:45","slug":"micropos-ladica-za-novac-410x420x100mm-rj11-24v-crna-iskljucivo-uz-racunala-all-in-one-blagajne","status":"publish","type":"product","link":"https:\/\/com2000.hr\/trgovina\/shop\/pc-blagajne\/micropos-ladica-za-novac-410x420x100mm-rj11-24v-crna-iskljucivo-uz-racunala-all-in-one-blagajne\/","title":{"rendered":"MICROPOS Ladica za novac  410\u00d7420\u00d7100mm, RJ11 24V, CRNA ***dostupno po narud\u017ebi isklju\u010divo uz ra\u010dunala\/All-in-One blagajne!!!"},"content":{"rendered":"<table>\n<tbody>\n<tr valign=\"top\">\n<td><b>Model<\/b><\/td>\n<td>\n<h4>B&amp;W\/MicroPOS ladica za novac, 24V, KR-410, 5N8K, crna<\/h4>\n<\/td>\n<\/tr>\n<tr valign=\"top\">\n<td><b>Su\u010delje<\/b><\/td>\n<td>priklju\u010dak na printer (24V) RJ11<\/td>\n<\/tr>\n<tr>\n<td><strong>Jamstvo<\/strong><\/td>\n<td>\u00a012 mj.<\/td>\n<\/tr>\n<tr>\n<td><\/td>\n<td><\/td>\n<\/tr>\n<tr>\n<td><\/td>\n<td><\/td>\n<\/tr>\n<tr>\n<td><\/td>\n<td><\/td>\n<\/tr>\n<tr>\n<td><\/td>\n<td><\/td>\n<\/tr>\n<tr>\n<td><\/td>\n<td><\/td>\n<\/tr>\n<tr>\n<td><\/td>\n<td><\/td>\n<\/tr>\n<tr valign=\"top\">\n<td><b>Dimenzije i masa<\/b><\/td>\n<td>D x \u0160 x V: 410 x 420 x 100 mm, neto 7,8 kg, bruto 8,8 kg<\/td>\n<\/tr>\n<tr>\n<td><\/td>\n<td><\/td>\n<\/tr>\n<tr>\n<td><\/td>\n<td><\/td>\n<\/tr>\n<tr valign=\"top\">\n<td><b>Ostalo<\/b><\/td>\n<td>Pode\u0161avaju\u0107i pretinci za nov\u010danice i kovanice<br \/>\n8 pretinaca kovanice (odvojivo)\/5 pretinaca nov\u010danice)<br \/>\nMetalni dr\u017ea\u010di nov\u010danica<br \/>\n1.000.000 ciklusa otvaranja \/zatvaranja (MTBF)<br \/>\nTri pozicije klju\u010da<\/td>\n<\/tr>\n<\/tbody>\n<\/table>\n","protected":false},"excerpt":{"rendered":"<p>Model B&amp;W\/MicroPOS ladica za novac, 24V, KR-410, 5N8K, crna Su\u010delje priklju\u010dak na printer (24V) RJ11 Jamstvo \u00a012 mj. Dimenzije i masa D x \u0160 x V: 410 x 420 x 100 mm, neto 7,8 kg, bruto 8,8 kg Ostalo Pode\u0161avaju\u0107i pretinci za nov\u010danice i kovanice 8 pretinaca kovanice (odvojivo)\/5 pretinaca nov\u010danice) Metalni dr\u017ea\u010di nov\u010danica 1.000.000 [&#8230;]\n","protected":false},"featured_media":5225,"template":"","meta":[],"product_cat":[69],"product_tag":[71],"_links":{"self":[{"href":"https:\/\/com2000.hr\/trgovina\/wp-json\/wp\/v2\/product\/10463"}],"collection":[{"href":"https:\/\/com2000.hr\/trgovina\/wp-json\/wp\/v2\/product"}],"about":[{"href":"https:\/\/com2000.hr\/trgovina\/wp-json\/wp\/v2\/types\/product"}],"wp:featuredmedia":[{"embeddable":true,"href":"https:\/\/com2000.hr\/trgovina\/wp-json\/wp\/v2\/media\/5225"}],"wp:attachment":[{"href":"https:\/\/com2000.hr\/trgovina\/wp-json\/wp\/v2\/media?parent=10463"}],"wp:term":[{"taxonomy":"product_cat","embeddable":true,"href":"https:\/\/com2000.hr\/trgovina\/wp-json\/wp\/v2\/product_cat?post=10463"},{"taxonomy":"product_tag","embeddable":true,"href":"https:\/\/com2000.hr\/trgovina\/wp-json\/wp\/v2\/product_tag?post=10463"}],"curies":[{"name":"wp","href":"https:\/\/api.w.org\/{rel}","templated":true}]}}