{"id":10407,"date":"2026-01-04T08:34:33","date_gmt":"2026-01-04T08:34:33","guid":{"rendered":"https:\/\/com2000.hr\/trgovina\/?post_type=product&#038;p=10407"},"modified":"2026-04-10T07:22:27","modified_gmt":"2026-04-10T07:22:27","slug":"hp-rp-9015-all-in-one-racunalo-156-fhd-touch-intel-core-i3-6100-6th-gen-8gb-ram-128gb-ssd-win-10-pro-mar","status":"publish","type":"product","link":"https:\/\/com2000.hr\/trgovina\/shop\/rabljeni-monitori\/touch\/hp-rp-9015-all-in-one-racunalo-156-fhd-touch-intel-core-i3-6100-6th-gen-8gb-ram-128gb-ssd-win-10-pro-mar\/","title":{"rendered":"HP RP 9015 All-In-One ra\u010dunalo, 15,6&#8243; FHD Touch, Intel Core i3-6100 (6th.gen.) 8GB RAM 128GB SSD Wi-Fi Win.10 Pro CoA sticker"},"content":{"rendered":"<p><a id=\"yui_3_16_0_1_1446018224853_2652\" href=\"https:\/\/www.msregrefurb.com\/RRPSite\/Information\/LicensingGuide\/LicensingGuide_en.pdf\">Vi\u0161e o Microsoft Windows MAR licenciranju:<\/a><\/p>\n<p><a id=\"yui_3_16_0_1_1446018224853_2652\" href=\"https:\/\/www.msregrefurb.com\/RRPSite\/Information\/LicensingGuide\/LicensingGuide_en.pdf\">https:\/\/www.msregrefurb.com\/RRPSite\/Information\/LicensingGuide\/LicensingGuide_en.pdf<\/a><\/p>\n<p><a href=\"http:\/\/com2000.hr\/wp-content\/uploads\/2016\/11\/Concealment-Usage-v2-1.pdf\">Ispravan na\u010din unosa licencnog klju\u010da s MAR Windows CoA stickera<\/a><\/p>\n<p>Uz svako ra\u010dunalo s predinstaliranim operativnim sustavom MAR Windows kupljenim kod COM 2000 dobivate:<br \/>\n&#8211;\u00a0100%\u00a0genuine\u00a0Microsoft\u00a0software;<br \/>\n&#8211; Antivirus software<br \/>\n&#8211; Sve potrebne drivere \u2013 Windows certified;<br \/>\n&#8211; Svaki system ima hard-disk-based recovery image.<\/p>\n<p><strong>Vi\u0161e o proizvodu:<\/strong><\/p>\n<p><span style=\"color: #ff0000\">\u2022 Jamstvo: <strong>12 mjeseci<\/strong><\/span><br \/>\n\u2022 CoA sticker:<strong><span style=\"color: #ff0000\"> Windows 10 Pro.\u00a0<\/span><br \/>\n<\/strong><\/p>\n<p>\u2022 <span style=\"color: #ff0000\"><strong>Procesor:Intel Core i3 6100 \u2013 3.7 GHz, 3 MB cache, two cores<\/strong><\/span><\/p>\n<p>\u2022 Zaslon:diagonal: <span style=\"color: #ff0000\"><strong>39.62 cm (15.6&#8243;),wide aspect (16:9),HD, anti-glare, anti-fingerprint,touchscreen with 10-point capacitive technology (1366 x 768)<\/strong><\/span><br \/>\n*<br \/>\n\u2022 Grafi\u010dki sustav: Intel Integrated HD Graphics 530<br \/>\n\u2022 Radna memorija: <strong><span style=\"color: #ff0000\">8GB DDR4<\/span><\/strong><br \/>\n\u2022 Tvrdi disk: <strong><span style=\"color: #ff0000\">128-<\/span><span style=\"color: #ff0000\">160 GB SSD<\/span><\/strong><br \/>\n\u2022 Micro SD \u010dita\u010d: DA<br \/>\n\u2022 Dimenzije: 395.6 x 222.3 x 395.6 mm<br \/>\n\u2022 Vi\u0161e o proizvodu:<a href=\"https:\/\/www.globepos.ca\/wp-content\/uploads\/2016\/08\/RP9-Datasheet.pdf\">https:\/\/www.globepos.ca\/wp-content\/uploads\/2016\/08\/RP9-Datasheet.pdf<\/a><br \/>\n\u2022 RS232 (standard\/powered):<span style=\"color: #ff0000\"><strong>2x<\/strong><\/span><br \/>\n\u2022 Mre\u017ea: <strong><span style=\"color: #ff0000\">da \u00a010\/100\/1000<\/span><\/strong><br \/>\n\u2022 Be\u017ei\u010dna mre\u017ea:<span style=\"color: #ff0000\"><strong> DA<\/strong><\/span><br \/>\n\u2022 Audio ulazi\/izlazi: da<br \/>\n\u2022 USB podr\u0161ka: <span style=\"color: #ff0000\">4x USB 2.0<\/span><br \/>\n\u2022 USB Powered: <span style=\"color: #ed1c24\"><strong>3x12V, 1x24V<\/strong><\/span><br \/>\n\u2022 Boja: crno-srebrna<\/p>\n<p>\u2022<span style=\"color: #ff0000\">VESA mounting:100x100mm,75x75mm<\/span><\/p>\n<p><span style=\"color: #ff0000\"><strong>\u2022 Stanje: A<\/strong><\/span><\/p>\n","protected":false},"excerpt":{"rendered":"<p>Vi\u0161e o Microsoft Windows MAR licenciranju: https:\/\/www.msregrefurb.com\/RRPSite\/Information\/LicensingGuide\/LicensingGuide_en.pdf Ispravan na\u010din unosa licencnog klju\u010da s MAR Windows CoA stickera Uz svako ra\u010dunalo s predinstaliranim operativnim sustavom MAR Windows kupljenim kod COM 2000 dobivate: &#8211;\u00a0100%\u00a0genuine\u00a0Microsoft\u00a0software; &#8211; Antivirus software &#8211; Sve potrebne drivere \u2013 Windows certified; &#8211; Svaki system ima hard-disk-based recovery image. Vi\u0161e o proizvodu: \u2022 Jamstvo: 12 [&#8230;]\n","protected":false},"featured_media":10352,"template":"","meta":[],"product_cat":[69,144],"product_tag":[329,328,356,357],"_links":{"self":[{"href":"https:\/\/com2000.hr\/trgovina\/wp-json\/wp\/v2\/product\/10407"}],"collection":[{"href":"https:\/\/com2000.hr\/trgovina\/wp-json\/wp\/v2\/product"}],"about":[{"href":"https:\/\/com2000.hr\/trgovina\/wp-json\/wp\/v2\/types\/product"}],"wp:featuredmedia":[{"embeddable":true,"href":"https:\/\/com2000.hr\/trgovina\/wp-json\/wp\/v2\/media\/10352"}],"wp:attachment":[{"href":"https:\/\/com2000.hr\/trgovina\/wp-json\/wp\/v2\/media?parent=10407"}],"wp:term":[{"taxonomy":"product_cat","embeddable":true,"href":"https:\/\/com2000.hr\/trgovina\/wp-json\/wp\/v2\/product_cat?post=10407"},{"taxonomy":"product_tag","embeddable":true,"href":"https:\/\/com2000.hr\/trgovina\/wp-json\/wp\/v2\/product_tag?post=10407"}],"curies":[{"name":"wp","href":"https:\/\/api.w.org\/{rel}","templated":true}]}}