{"id":10355,"date":"2025-02-25T13:43:44","date_gmt":"2025-02-25T13:43:44","guid":{"rendered":"https:\/\/com2000.hr\/trgovina\/?post_type=product&#038;p=10355"},"modified":"2026-04-15T09:04:13","modified_gmt":"2026-04-15T09:04:13","slug":"kasa-touch-komplethp-l7014t-14%e2%80%b3hp-prodesk-400g4dm-i3-8100t-8gb-ddr4-256gb-ssdwin-10pro-epson-tm88v-usb","status":"publish","type":"product","link":"https:\/\/com2000.hr\/trgovina\/shop\/pc-blagajne\/kasa-touch-komplethp-l7014t-14%e2%80%b3hp-prodesk-400g4dm-i3-8100t-8gb-ddr4-256gb-ssdwin-10pro-epson-tm88v-usb\/","title":{"rendered":"Kasa Touch komplet;HP L7014t 14\u2033+HP ProDesk 400 G4 DM i3-8100T 8GB DDR4 256GB SSD,Win 10Pro.+Epson TM-88V USB"},"content":{"rendered":"<p><a id=\"yui_3_16_0_1_1446018224853_2652\" href=\"https:\/\/www.msregrefurb.com\/RRPSite\/Information\/LicensingGuide\/LicensingGuide_en.pdf\">Vi\u0161e o Microsoft Windows MAR licenciranju:<\/a><\/p>\n<p><a id=\"yui_3_16_0_1_1446018224853_2652\" href=\"https:\/\/www.msregrefurb.com\/RRPSite\/Information\/LicensingGuide\/LicensingGuide_en.pdf\">https:\/\/www.msregrefurb.com\/RRPSite\/Information\/LicensingGuide\/LicensingGuide_en.pdf<\/a><\/p>\n<p><a href=\"http:\/\/com2000.hr\/wp-content\/uploads\/2016\/11\/Concealment-Usage-v2-1.pdf\">Ispravan na\u010din unosa licencnog klju\u010da s MAR Windows CoA stickera<\/a><\/p>\n<p>Uz svako ra\u010dunalo s predinstaliranim operativnim sustavom MAR Windows kupljenim kod COM 2000 dobivate:<br \/>\n&#8211;\u00a0100%\u00a0genuine\u00a0Microsoft\u00a0software;<br \/>\n&#8211; Antivirus software<br \/>\n&#8211; Sve potrebne drivere \u2013 Windows certified;<br \/>\n&#8211; Svaki system ima hard-disk-based recovery image.<\/p>\n<p><strong><strong>Vi\u0161e o proizvodu:<\/strong><\/strong><\/p>\n<p><span style=\"color: #ff0000\"><strong>Jamstvo:<\/strong>\u00a0<\/span><strong><span style=\"color: #ff0000\">12 mjeseci<\/span><\/strong><\/p>\n<p><strong><br \/>\n<\/strong><strong>Ra\u010dunalo: <\/strong><span style=\"color: #ff0000\"><strong>HP proDesk 400G4 DM mini pc i3-8100T (6th gen.) 8GB DDR4 RAM 256GB SSD,Win10Pro (nadogradivo na Win.11)<\/strong><\/span><\/p>\n<p><strong>Monitor: <span style=\"color: #ff0000\">HP L7014t 14\u2033 Touch Monitor 1366\u00d7768, refurbished, A stanje, crno srebrni<\/span><\/strong><\/p>\n<p><strong>Printer:<span style=\"font-size: 95%;color: #ff0000\">Epson TM-88V,crni,vrhunski termalni POS pisa\u010d s reza\u010dem, 80mm,USB, QR code<\/span><\/strong><\/p>\n<div><\/div>\n","protected":false},"excerpt":{"rendered":"<p>Vi\u0161e o Microsoft Windows MAR licenciranju: https:\/\/www.msregrefurb.com\/RRPSite\/Information\/LicensingGuide\/LicensingGuide_en.pdf Ispravan na\u010din unosa licencnog klju\u010da s MAR Windows CoA stickera Uz svako ra\u010dunalo s predinstaliranim operativnim sustavom MAR Windows kupljenim kod COM 2000 dobivate: &#8211;\u00a0100%\u00a0genuine\u00a0Microsoft\u00a0software; &#8211; Antivirus software &#8211; Sve potrebne drivere \u2013 Windows certified; &#8211; Svaki system ima hard-disk-based recovery image. Vi\u0161e o proizvodu: Jamstvo:\u00a012 mjeseci Ra\u010dunalo: [&#8230;]\n","protected":false},"featured_media":10317,"template":"","meta":[],"product_cat":[87,69],"product_tag":[327,133,326,112],"_links":{"self":[{"href":"https:\/\/com2000.hr\/trgovina\/wp-json\/wp\/v2\/product\/10355"}],"collection":[{"href":"https:\/\/com2000.hr\/trgovina\/wp-json\/wp\/v2\/product"}],"about":[{"href":"https:\/\/com2000.hr\/trgovina\/wp-json\/wp\/v2\/types\/product"}],"wp:featuredmedia":[{"embeddable":true,"href":"https:\/\/com2000.hr\/trgovina\/wp-json\/wp\/v2\/media\/10317"}],"wp:attachment":[{"href":"https:\/\/com2000.hr\/trgovina\/wp-json\/wp\/v2\/media?parent=10355"}],"wp:term":[{"taxonomy":"product_cat","embeddable":true,"href":"https:\/\/com2000.hr\/trgovina\/wp-json\/wp\/v2\/product_cat?post=10355"},{"taxonomy":"product_tag","embeddable":true,"href":"https:\/\/com2000.hr\/trgovina\/wp-json\/wp\/v2\/product_tag?post=10355"}],"curies":[{"name":"wp","href":"https:\/\/api.w.org\/{rel}","templated":true}]}}