{"id":10305,"date":"2025-01-13T07:28:58","date_gmt":"2025-01-13T07:28:58","guid":{"rendered":"https:\/\/com2000.hr\/trgovina\/?post_type=product&#038;p=10305"},"modified":"2025-05-13T07:40:20","modified_gmt":"2025-05-13T07:40:20","slug":"fujitsu-p27-8te-pro-27-lcd-full-hd-2560x1440-169bijeliu-dolasku","status":"publish","type":"product","link":"https:\/\/com2000.hr\/trgovina\/shop\/rabljeni-monitori\/lcd-22-27\/fujitsu-p27-8te-pro-27-lcd-full-hd-2560x1440-169bijeliu-dolasku\/","title":{"rendered":"Fujitsu P27-8TE PRO  27&#8243; LCD Full HD 2560&#215;1440 16:9,bijeli,u dolasku!!!!!"},"content":{"rendered":"<p><strong>Vi\u0161e o proizvodu:<\/strong><\/p>\n<p>Proizvo\u0111a\u010d: <strong>FUJITSU<br \/>\n<span style=\"color: #ff0000\">\u2022 refurbished monitor; stanje: A<br \/>\n<\/span><span style=\"color: #ff0000\">\u2022 Jamstvo: 12 mjeseci<\/span><\/strong><\/p>\n<ul>\n<li>Model:P27-8TE PRO<\/li>\n<li>Veli\u010dina ekrana:27&#8243;<\/li>\n<li>Format ekrana:16:9<\/li>\n<li>Vrijeme odziva:5ms<\/li>\n<li>Rezolucija:1920&#215;1080<\/li>\n<li>Kontrast:1000:1<\/li>\n<li>Svjetlina:350 cd\/m2<\/li>\n<li>Priklju\u010dci:<span style=\"color: #ff0000\"><strong>HDMI,DVI,2xDisplayPort<\/strong><\/span><\/li>\n<li>Posebnosti:<span style=\"color: #ff0000\">zvu\u010dnici,IPS\/LED panel,2xUSB<\/span><\/li>\n<li>Boja:srebrno-crna<\/li>\n<li>Te\u017eina:6.7kg<\/li>\n<li>Dimenzije (sa stalkom) \u0160xDxV: 613 x 227 x 396 mm<\/li>\n<li><span style=\"color: #ff0000\">Uz monitor isporu\u010dujemo DVI i naponski kabel (display port ili VGA kabel se kupuje zasebno)<\/span><\/li>\n<li><span style=\"background-color: #ffff00\"><strong>Slike artikala su ilustrativne prirode te ne moraju u potpunosti odgovarati artiklima.<\/strong><\/span><\/li>\n<\/ul>\n<p>&nbsp;<\/p>\n<p>&nbsp;<\/p>\n","protected":false},"excerpt":{"rendered":"<p>Vi\u0161e o proizvodu: Proizvo\u0111a\u010d: FUJITSU \u2022 refurbished monitor; stanje: A \u2022 Jamstvo: 12 mjeseci Model:P27-8TE PRO Veli\u010dina ekrana:27&#8243; Format ekrana:16:9 Vrijeme odziva:5ms Rezolucija:1920&#215;1080 Kontrast:1000:1 Svjetlina:350 cd\/m2 Priklju\u010dci:HDMI,DVI,2xDisplayPort Posebnosti:zvu\u010dnici,IPS\/LED panel,2xUSB Boja:srebrno-crna Te\u017eina:6.7kg Dimenzije (sa stalkom) \u0160xDxV: 613 x 227 x 396 mm Uz monitor isporu\u010dujemo DVI i naponski kabel (display port ili VGA kabel se kupuje [&#8230;]\n","protected":false},"featured_media":10306,"template":"","meta":[],"product_cat":[146,72],"product_tag":[219,220],"_links":{"self":[{"href":"https:\/\/com2000.hr\/trgovina\/wp-json\/wp\/v2\/product\/10305"}],"collection":[{"href":"https:\/\/com2000.hr\/trgovina\/wp-json\/wp\/v2\/product"}],"about":[{"href":"https:\/\/com2000.hr\/trgovina\/wp-json\/wp\/v2\/types\/product"}],"wp:featuredmedia":[{"embeddable":true,"href":"https:\/\/com2000.hr\/trgovina\/wp-json\/wp\/v2\/media\/10306"}],"wp:attachment":[{"href":"https:\/\/com2000.hr\/trgovina\/wp-json\/wp\/v2\/media?parent=10305"}],"wp:term":[{"taxonomy":"product_cat","embeddable":true,"href":"https:\/\/com2000.hr\/trgovina\/wp-json\/wp\/v2\/product_cat?post=10305"},{"taxonomy":"product_tag","embeddable":true,"href":"https:\/\/com2000.hr\/trgovina\/wp-json\/wp\/v2\/product_tag?post=10305"}],"curies":[{"name":"wp","href":"https:\/\/api.w.org\/{rel}","templated":true}]}}