{"id":10261,"date":"2026-03-24T11:27:33","date_gmt":"2026-03-24T11:27:33","guid":{"rendered":"https:\/\/com2000.hr\/trgovina\/?post_type=product&#038;p=10261"},"modified":"2026-04-15T12:22:59","modified_gmt":"2026-04-15T12:22:59","slug":"fec-am-1015-15-touch-monitor-1024x768-a-stanje-crni","status":"publish","type":"product","link":"https:\/\/com2000.hr\/trgovina\/shop\/rabljeni-monitori\/touch\/fec-am-1015-15-touch-monitor-1024x768-a-stanje-crni\/","title":{"rendered":"FEC AM-1015 15&#8243; TOUCH monitor 1024&#215;768, A stanje, crni u dolasku do 22.04.2026.!!!!!"},"content":{"rendered":"<ul>\n<li><strong><span style=\"color: #ff0000\">Jamstvo:12 mjeseci<\/span><\/strong><\/li>\n<li>Proizvo\u0111a\u010d:FEC<\/li>\n<li>Model:AM-1015<\/li>\n<li>Veli\u010dina ekrana:15&#8243; projected capacitive technology 5-wire resistive touch screen<\/li>\n<li>Format ekrana:4:3<\/li>\n<li>Vrijeme odziva:8ms<\/li>\n<li>Rezolucija:1024&#215;768<\/li>\n<li>Kontrast:800:1<\/li>\n<li>Svjetlina:350 cd\/m2<\/li>\n<li>Priklju\u010dci:VGA,DVI<\/li>\n<li>Posebnosti:Touch USB<\/li>\n<li>Boja:Crna<\/li>\n<li>Te\u017eina:5.4kg<\/li>\n<li>Dimenzije (sa stalkom) mm: \u0160xDxV:349 x 47 x 308.5<\/li>\n<li><span style=\"color: #ff0000\">Uz monitor dolazi usb kabel,napajanje i DVI kabel.<\/span><\/li>\n<\/ul>\n<p>&nbsp;<\/p>\n<p>Za Windows 10 i 11 nisu potrebni driveri !!!!!!!!!!!!!!!!!<\/p>\n<p>&nbsp;<\/p>\n","protected":false},"excerpt":{"rendered":"<p>Jamstvo:12 mjeseci Proizvo\u0111a\u010d:FEC Model:AM-1015 Veli\u010dina ekrana:15&#8243; projected capacitive technology 5-wire resistive touch screen Format ekrana:4:3 Vrijeme odziva:8ms Rezolucija:1024&#215;768 Kontrast:800:1 Svjetlina:350 cd\/m2 Priklju\u010dci:VGA,DVI Posebnosti:Touch USB Boja:Crna Te\u017eina:5.4kg Dimenzije (sa stalkom) mm: \u0160xDxV:349 x 47 x 308.5 Uz monitor dolazi usb kabel,napajanje i DVI kabel. &nbsp; Za Windows 10 i 11 nisu potrebni driveri !!!!!!!!!!!!!!!!! &nbsp;<\/p>\n","protected":false},"featured_media":10548,"template":"","meta":[],"product_cat":[69,144],"product_tag":[],"_links":{"self":[{"href":"https:\/\/com2000.hr\/trgovina\/wp-json\/wp\/v2\/product\/10261"}],"collection":[{"href":"https:\/\/com2000.hr\/trgovina\/wp-json\/wp\/v2\/product"}],"about":[{"href":"https:\/\/com2000.hr\/trgovina\/wp-json\/wp\/v2\/types\/product"}],"wp:featuredmedia":[{"embeddable":true,"href":"https:\/\/com2000.hr\/trgovina\/wp-json\/wp\/v2\/media\/10548"}],"wp:attachment":[{"href":"https:\/\/com2000.hr\/trgovina\/wp-json\/wp\/v2\/media?parent=10261"}],"wp:term":[{"taxonomy":"product_cat","embeddable":true,"href":"https:\/\/com2000.hr\/trgovina\/wp-json\/wp\/v2\/product_cat?post=10261"},{"taxonomy":"product_tag","embeddable":true,"href":"https:\/\/com2000.hr\/trgovina\/wp-json\/wp\/v2\/product_tag?post=10261"}],"curies":[{"name":"wp","href":"https:\/\/api.w.org\/{rel}","templated":true}]}}