{"id":10148,"date":"2024-12-18T07:43:38","date_gmt":"2024-12-18T07:43:38","guid":{"rendered":"https:\/\/com2000.hr\/trgovina\/?post_type=product&#038;p=10148"},"modified":"2026-01-28T21:20:58","modified_gmt":"2026-01-28T21:20:58","slug":"lcd-touch-14-hp-l7014t-usb-dp","status":"publish","type":"product","link":"https:\/\/com2000.hr\/trgovina\/shop\/rabljeni-monitori\/touch\/lcd-touch-14-hp-l7014t-usb-dp\/","title":{"rendered":"HP L7014t 14&#8243; Touch Monitor 1366&#215;768, refurbished, A stanje, crno srebrni"},"content":{"rendered":"<ul>\n<li><strong><span style=\"color: #ff0000\">Jamstvo: 12 mjeseci<\/span><\/strong><\/li>\n<li>Proizvo\u0111a\u010d: HP<\/li>\n<li>Model: L7014t<\/li>\n<li>Veli\u010dina ekrana: 14&#8243; TN w\/LED backlight<\/li>\n<li>Format ekrana: 16:9<\/li>\n<li>Vrijeme odziva: 16ms<\/li>\n<li>Rezolucija: 1366&#215;768<\/li>\n<li>Kontrast: 800:1<\/li>\n<li>Svjetlina: 350 cd\/m2<\/li>\n<li>Priklju\u010dci: <span style=\"color: #ff0000\"><strong>Display port, USB<\/strong><\/span><\/li>\n<li>Posebnosti:Touch USB, <span style=\"color: #ff0000\">Projected Capacitive Touch, &gt; 10 points<\/span><\/li>\n<li>Boja: srebrna<\/li>\n<li>Te\u017eina: 2.8kg<\/li>\n<li>Dimenzije (bez stalka) mm: \u0160xDxV:340 x 458 x 217<\/li>\n<li><span style=\"color: #ff0000\">Uz\u00a0monitor dolaze\u00a0svi potrebni kablovi<\/span><\/li>\n<\/ul>\n<p>&nbsp;<\/p>\n","protected":false},"excerpt":{"rendered":"<p>Jamstvo: 12 mjeseci Proizvo\u0111a\u010d: HP Model: L7014t Veli\u010dina ekrana: 14&#8243; TN w\/LED backlight Format ekrana: 16:9 Vrijeme odziva: 16ms Rezolucija: 1366&#215;768 Kontrast: 800:1 Svjetlina: 350 cd\/m2 Priklju\u010dci: Display port, USB Posebnosti:Touch USB, Projected Capacitive Touch, &gt; 10 points Boja: srebrna Te\u017eina: 2.8kg Dimenzije (bez stalka) mm: \u0160xDxV:340 x 458 x 217 Uz\u00a0monitor dolaze\u00a0svi potrebni kablovi [&#8230;]\n","protected":false},"featured_media":10149,"template":"","meta":[],"product_cat":[69,72,144],"product_tag":[323,322,321],"_links":{"self":[{"href":"https:\/\/com2000.hr\/trgovina\/wp-json\/wp\/v2\/product\/10148"}],"collection":[{"href":"https:\/\/com2000.hr\/trgovina\/wp-json\/wp\/v2\/product"}],"about":[{"href":"https:\/\/com2000.hr\/trgovina\/wp-json\/wp\/v2\/types\/product"}],"wp:featuredmedia":[{"embeddable":true,"href":"https:\/\/com2000.hr\/trgovina\/wp-json\/wp\/v2\/media\/10149"}],"wp:attachment":[{"href":"https:\/\/com2000.hr\/trgovina\/wp-json\/wp\/v2\/media?parent=10148"}],"wp:term":[{"taxonomy":"product_cat","embeddable":true,"href":"https:\/\/com2000.hr\/trgovina\/wp-json\/wp\/v2\/product_cat?post=10148"},{"taxonomy":"product_tag","embeddable":true,"href":"https:\/\/com2000.hr\/trgovina\/wp-json\/wp\/v2\/product_tag?post=10148"}],"curies":[{"name":"wp","href":"https:\/\/api.w.org\/{rel}","templated":true}]}}