{"id":10097,"date":"2025-10-14T07:48:10","date_gmt":"2025-10-14T07:48:10","guid":{"rendered":"https:\/\/com2000.hr\/trgovina\/?post_type=product&#038;p=10097"},"modified":"2026-04-15T09:03:34","modified_gmt":"2026-04-15T09:03:34","slug":"diebold-nixdorf-beetle-ipos-plus-all-in-one-racunalo-15-touch-monitor-intel-celeron-n3710-6th-gen-8gb-ram-120-ssd","status":"publish","type":"product","link":"https:\/\/com2000.hr\/trgovina\/shop\/rabljeni-monitori\/touch\/diebold-nixdorf-beetle-ipos-plus-all-in-one-racunalo-15-touch-monitor-intel-celeron-n3710-6th-gen-8gb-ram-120-ssd\/","title":{"rendered":"Diebold-Nixdorf BEETLE\/iPOS Plus All-in-One ra\u010dunalo 15&#8243; Touch monitor, Intel Celeron N3710 (6th.gen.) 8GB RAM 120GB SSD (TPM Chip 2.0-ra\u010dunalo podr\u017eava Windows 11), refurbished A grade"},"content":{"rendered":"<p><strong>Uz svako ra\u010dunalo s kupljenom MAR digitalnom licencom i predinstaliranim operativnim sustavom Windows 10 ili 11 dobivate:<\/strong><br \/>\n\u2013 digitalno upisanu licencu Windows 10Home\/Pro ili Windows 11Home\/Pro;<br \/>\n\u2013 hologramsku Microsoft naljepnicu na ra\u010dunalu kao potvrdu autenti\u010dnosti originalnog Microsoft softwarea;<br \/>\n\u2013 dnevno a\u017euran operativni sustav i Microsoft Antivirus program;<br \/>\n\u2013 sve drivere potrebne za ra\u010dunalo dostupne kroz Windows update \u2013 Windows certified;<\/p>\n<p><strong>Vi\u0161e o proizvodu:<\/strong><\/p>\n<p>Proizvo\u0111a\u010d: <strong>Diebold Nixdorf<br \/>\n<span style=\"color: #ff0000\">\u2022 refurbished ra\u010dunalo; stanje: A<br \/>\n<\/span><span style=\"color: #ff0000\">\u2022 Jamstvo: 12 mjeseci<br \/>\n<\/span><\/strong>\u2022 Operativni sustav: <strong><span style=\"color: #ff0000\">NE<\/span><br \/>\n<\/strong><\/p>\n<p>\u2022 <span style=\"color: #ff0000\"><strong>Procesor:Intel\u00ae\u00a0<em>Celeron<\/em>\u00ae Processor\u00a0<em>N3710<\/em> (4cores,2M Cache, up to 2.56 GHz)<\/strong><\/span><\/p>\n<p>\u2022 Zaslon:<strong><span style=\"color: #ff0000\"> 15\u201d LED-backlit LCD, 4:3,Resolution 1024&#215;768, projected capacitive multi-touch<\/span><\/strong><br \/>\n\u2022 Grafi\u010dki sustav: Intel<br \/>\n\u2022 Radna memorija: <strong><span style=\"color: #ff0000\">8GB DDR3 SO-DIMM<\/span><\/strong><br \/>\n\u2022 Tvrdi disk: <strong><span style=\"color: #ff0000\">120 GB SSD<\/span><\/strong><br \/>\n\u2022 Paralelni port: <strong><span style=\"color: #ff0000\">NE<\/span><\/strong><br \/>\n\u2022 Dimenzije: 349 x 350 x 211mm<br \/>\n\u2022 Vi\u0161e o proizvodu:<a href=\"https:\/\/www.posnet.com.pl\/files\/products_download\/52\/dn-productcard-ipos-plus-braswell-20160822-k7-us.pdf\">https:\/\/www.dieboldnixdorf.com\/-\/media\/diebold\/files\/retail\/pos-systems-en\/dn_productcard_ipos_plus_advanced_a4_landscape_v1-1_032017_fa_us.pdf<\/a><br \/>\n\u2022 RS232 (standard\/powered):<span style=\"color: #ff0000\"><strong>x1<\/strong><\/span><br \/>\n\u2022 Mre\u017ea: <strong><span style=\"color: #ff0000\">da \u00a010\/100\/1000<\/span><\/strong><br \/>\n\u2022 Be\u017ei\u010dna mre\u017ea\/BT:<span style=\"color: #ff0000\"><strong> NE<\/strong><\/span><br \/>\n\u2022 Audio ulazi\/izlazi: ne<br \/>\n\u2022 USB podr\u0161ka: <span style=\"color: #ff0000\">2x USB 2.0,2xUSB 3.0, USB p<strong>owered (12V\/24V) 2\/1\u00a0<\/strong><\/span><br \/>\n\u2022 VGA\/DVI:<strong><span style=\"color: #ff0000\">NE\/DA<\/span><\/strong><br \/>\n\u2022 Boja: crna<\/p>\n<p>&nbsp;<\/p>\n<p><span style=\"background-color: #ffff00\"><strong>Slike artikala su ilustrativne prirode te ne moraju u potpunosti odgovarati artiklima.<\/strong><\/span><\/p>\n<p>&nbsp;<\/p>\n","protected":false},"excerpt":{"rendered":"<p>Uz svako ra\u010dunalo s kupljenom MAR digitalnom licencom i predinstaliranim operativnim sustavom Windows 10 ili 11 dobivate: \u2013 digitalno upisanu licencu Windows 10Home\/Pro ili Windows 11Home\/Pro; \u2013 hologramsku Microsoft naljepnicu na ra\u010dunalu kao potvrdu autenti\u010dnosti originalnog Microsoft softwarea; \u2013 dnevno a\u017euran operativni sustav i Microsoft Antivirus program; \u2013 sve drivere potrebne za ra\u010dunalo dostupne kroz [&#8230;]\n","protected":false},"featured_media":9922,"template":"","meta":[],"product_cat":[69,144],"product_tag":[301,304,296,302,366],"_links":{"self":[{"href":"https:\/\/com2000.hr\/trgovina\/wp-json\/wp\/v2\/product\/10097"}],"collection":[{"href":"https:\/\/com2000.hr\/trgovina\/wp-json\/wp\/v2\/product"}],"about":[{"href":"https:\/\/com2000.hr\/trgovina\/wp-json\/wp\/v2\/types\/product"}],"wp:featuredmedia":[{"embeddable":true,"href":"https:\/\/com2000.hr\/trgovina\/wp-json\/wp\/v2\/media\/9922"}],"wp:attachment":[{"href":"https:\/\/com2000.hr\/trgovina\/wp-json\/wp\/v2\/media?parent=10097"}],"wp:term":[{"taxonomy":"product_cat","embeddable":true,"href":"https:\/\/com2000.hr\/trgovina\/wp-json\/wp\/v2\/product_cat?post=10097"},{"taxonomy":"product_tag","embeddable":true,"href":"https:\/\/com2000.hr\/trgovina\/wp-json\/wp\/v2\/product_tag?post=10097"}],"curies":[{"name":"wp","href":"https:\/\/api.w.org\/{rel}","templated":true}]}}