{"id":10088,"date":"2024-10-03T08:39:09","date_gmt":"2024-10-03T08:39:09","guid":{"rendered":"https:\/\/com2000.hr\/trgovina\/?post_type=product&#038;p=10088"},"modified":"2026-04-07T14:03:23","modified_gmt":"2026-04-07T14:03:23","slug":"hp-prodesk-400-g3-microtower-intel-celeron-g3900-6th-gen-4gb-ddr4-ram-128-gb-ssd-win-10pro-bios","status":"publish","type":"product","link":"https:\/\/com2000.hr\/trgovina\/shop\/rabljena-racunala\/intel-g\/hp-prodesk-400-g3-microtower-intel-celeron-g3900-6th-gen-4gb-ddr4-ram-128-gb-ssd-win-10pro-bios\/","title":{"rendered":"HP ProDesk 400 G3 SFF Intel Celeron G3900 (6th gen.) 4GB DDR4 RAM 128 GB SSD Win 10 DL u biosu"},"content":{"rendered":"<p><a id=\"yui_3_16_0_1_1446018224853_2652\" href=\"https:\/\/www.msregrefurb.com\/RRPSite\/Information\/LicensingGuide\/LicensingGuide_en.pdf\">Vi\u0161e o Microsoft Windows MAR licenciranju:<\/a><\/p>\n<p><a id=\"yui_3_16_0_1_1446018224853_2652\" href=\"https:\/\/www.msregrefurb.com\/RRPSite\/Information\/LicensingGuide\/LicensingGuide_en.pdf\"> https:\/\/www.msregrefurb.com\/RRPSite\/Information\/LicensingGuide\/LicensingGuide_en.pdf<\/a><\/p>\n<p><a href=\"http:\/\/com2000.hr\/wp-content\/uploads\/2016\/11\/Concealment-Usage-v2-1.pdf\">Ispravan na\u010din unosa licencnog klju\u010da s MAR Windows CoA stickera<\/a><\/p>\n<p>Uz svako ra\u010dunalo s predinstaliranim operativnim sustavom MAR Windows kupljenim kod COM 2000 dobivate:<br \/>\n&#8211;\u00a0100%\u00a0genuine\u00a0Microsoft\u00a0software;<br \/>\n&#8211; Antivirus software<br \/>\n&#8211; Sve potrebne drivere \u2013 Windows certified;<br \/>\n&#8211; Svaki system ima hard-disk-based recovery image.<\/p>\n<p><strong><strong>Vi\u0161e o proizvodu:<\/strong><\/strong><\/p>\n<p>Proizvo\u0111a\u010d: <strong>HP<\/strong><br \/>\n<span style=\"color: #ff0000\"><strong>Jamstvo:<\/strong>\u00a0<\/span><strong><span style=\"color: #ff0000\">12 mjeseci<\/span><br \/>\n<\/strong><strong>CoA Sticker: Win.10 Bios<\/strong><\/p>\n<div>\n<p style=\"text-align: left\"><strong>Model: ProDesk 400 G3SFF<\/strong><br \/>\n<strong>Procesor:<em>Intel<\/em>\u00ae Celeron\u00ae Processor\u00a0<em>G3900<\/em>\u00a0(2M Cache, 2.80 GHz)<\/strong><br \/>\n<strong>Memorija: <span style=\"color: #ff0000\">4<\/span><span style=\"color: #ff0000\">GB DDR4<\/span><\/strong><br \/>\n<strong>Hdd: <span style=\"color: #ff0000\">128<\/span><\/strong><span style=\"color: #ff0000\"><strong>GB SSD<\/strong>\u00a0<\/span><br \/>\n<strong>Raid:<\/strong>\u00a0NE<br \/>\n<strong>Opti\u010dki ure\u0111aj:NE<\/strong><br \/>\n<strong>M2: NE<\/strong><br \/>\n<strong>Grafi\u010dka kartica: Intel<\/strong> <strong>HP 530<\/strong><\/p>\n<p style=\"text-align: left\"><strong>Display port: 1X<\/strong><br \/>\n<span style=\"color: #ff0000\"><strong>VGA\/DVI:DA\/NE\u00a0<\/strong><\/span><br \/>\n<strong>Usb:<\/strong>\u00a04xUSB 2.0,\u00a0<span style=\"color: #ff0000\"><strong>4xUSB 3.0<\/strong><\/span><br \/>\n<strong>Serijski port:<span style=\"color: #d83131\">DA<\/span><\/strong><br \/>\n<strong>Paralelni port:<span style=\"color: #333333\">NE (kupuje se zasebno)\u00a0<\/span><\/strong><br \/>\n<strong>PS\/2:<\/strong> DA<br \/>\n<strong>Zvu\u010dna kartica:DA<\/strong><br \/>\n<strong>Mre\u017ena kartica-brzina [Mbit]:<\/strong>\u00a010\/100\/1000<br \/>\n<strong>Utori za pro\u0161irenje:<\/strong>\u00a01xPCI Lowprof., 2xPCI Ex 8x Low prof.,<span style=\"color: #ff0000\"><strong>1xPCI Express x16 (v3.0<\/strong>)<\/span>, 4xDIMM,2xS-ATA,<strong><span style=\"color: #ff0000\">M.2 PCIe Gen3 x 4 NVMe 1.3<\/span><\/strong><br \/>\n<strong>Ku\u0107i\u0161te\/dimenzije:<\/strong> SFF, dimenzije ku\u0107i\u0161ta: 95 x 299,5 x 270 mm<\/p>\n<\/div>\n","protected":false},"excerpt":{"rendered":"<p>Vi\u0161e o Microsoft Windows MAR licenciranju: https:\/\/www.msregrefurb.com\/RRPSite\/Information\/LicensingGuide\/LicensingGuide_en.pdf Ispravan na\u010din unosa licencnog klju\u010da s MAR Windows CoA stickera Uz svako ra\u010dunalo s predinstaliranim operativnim sustavom MAR Windows kupljenim kod COM 2000 dobivate: &#8211;\u00a0100%\u00a0genuine\u00a0Microsoft\u00a0software; &#8211; Antivirus software &#8211; Sve potrebne drivere \u2013 Windows certified; &#8211; Svaki system ima hard-disk-based recovery image. Vi\u0161e o proizvodu: Proizvo\u0111a\u010d: HP Jamstvo:\u00a012 [&#8230;]\n","protected":false},"featured_media":10092,"template":"","meta":[],"product_cat":[143,86],"product_tag":[300,155,162],"_links":{"self":[{"href":"https:\/\/com2000.hr\/trgovina\/wp-json\/wp\/v2\/product\/10088"}],"collection":[{"href":"https:\/\/com2000.hr\/trgovina\/wp-json\/wp\/v2\/product"}],"about":[{"href":"https:\/\/com2000.hr\/trgovina\/wp-json\/wp\/v2\/types\/product"}],"wp:featuredmedia":[{"embeddable":true,"href":"https:\/\/com2000.hr\/trgovina\/wp-json\/wp\/v2\/media\/10092"}],"wp:attachment":[{"href":"https:\/\/com2000.hr\/trgovina\/wp-json\/wp\/v2\/media?parent=10088"}],"wp:term":[{"taxonomy":"product_cat","embeddable":true,"href":"https:\/\/com2000.hr\/trgovina\/wp-json\/wp\/v2\/product_cat?post=10088"},{"taxonomy":"product_tag","embeddable":true,"href":"https:\/\/com2000.hr\/trgovina\/wp-json\/wp\/v2\/product_tag?post=10088"}],"curies":[{"name":"wp","href":"https:\/\/api.w.org\/{rel}","templated":true}]}}