{"id":10080,"date":"2024-09-30T10:55:06","date_gmt":"2024-09-30T10:55:06","guid":{"rendered":"https:\/\/com2000.hr\/trgovina\/?post_type=product&#038;p=10080"},"modified":"2026-01-12T14:54:36","modified_gmt":"2026-01-12T14:54:36","slug":"wincor-nixdorf-th250-crni-vrhunski-termalni-pos-pisac-s-rezacem-80mm-powered-usb-interface-qr-code","status":"publish","type":"product","link":"https:\/\/com2000.hr\/trgovina\/shop\/za-komponente\/wincor-nixdorf-th250-crni-vrhunski-termalni-pos-pisac-s-rezacem-80mm-powered-usb-interface-qr-code\/","title":{"rendered":"Diebold Nixdorf TH250 \/crni\/ vrhunski POS pisa\u010d, 80mm (USB powered***), QR code"},"content":{"rendered":"<p><span style=\"color: #ff0000\">-koriste ga svi ve\u0107i trgova\u010dki lanci u EU<br \/>\n<\/span><span style=\"color: #ff0000\">-uz printer dolaze<strong> 24V strujni adapter, naponski i usb kabel<\/strong><br \/>\n<\/span><span style=\"color: #ff0000\"><b>-serijski kabel ne dolazi u paketu i mora se nabaviti posebno<\/b><\/span><\/p>\n<p><span style=\"color: #ff0000\">-Windows 7\/10 + Java driver<br \/>\n<strong>-Barcode Support: PDF417, QR Code putem Windows drivera i escape sekvence (u slu\u010daju da se ne koristi Windows driver)<\/strong><br \/>\n<\/span><\/p>\n<p><span style=\"color: #0000ff\"><strong>-link za preuzimanje drivera:<br \/>\n<a href=\"https:\/\/publicdownload.dieboldnixdorf.com\/objects\/100022\">https:\/\/www.dieboldnixdorf.com\/en-us\/support\/documentation-services\/pos-kiosk-systems-peripherals\/driver-downloads\/printer<\/a><\/strong><\/span><\/p>\n<p><span style=\"color: #0000ff\"><strong>-obavezno izabrati ovaj !!!!!!!!!!!!!!!!!!!!!!!!!!! :<\/strong><\/span><\/p>\n<table>\n<tbody>\n<tr>\n<td width=\"100%\"><b>TH230+ \/ TH250\u00a0<\/b><\/td>\n<td><\/td>\n<td><\/td>\n<\/tr>\n<tr>\n<td width=\"100%\">GPD Driver 6.1.3.0.\u00a0 Windows<\/td>\n<\/tr>\n<\/tbody>\n<\/table>\n<p><span style=\"color: #ff0000\"><span style=\"color: #0000ff\"><strong>-Programmers Guide:<\/strong><\/span><br \/>\n<\/span><a href=\"https:\/\/www.pwks.de\/shop\/downloads\/th230_programmers_guide_english.pdf\">https:\/\/www.pwks.de\/shop\/downloads\/th230_programmers_guide_english.pdf<\/a><\/p>\n<div id=\"content\">\n<div id=\"page\">\n<div class=\"tabs\">\n<div id=\"pagecontent\">\n<p><strong>Vi\u0161e o proizvodu:<\/strong><\/p>\n<p>Proizvo\u0111a\u010d: <strong>WINCOR-NIXDORF<br \/>\n<span style=\"color: #ff0000\">\u2022 refurbished printer; stanje: A<br \/>\n<\/span><span style=\"color: #ff0000\">\u2022 Jamstvo: 12 mjeseci<\/span><\/strong><\/p>\n<h4 id=\"section-Wincor+Nixdorf+TH230-Tehni_C4_8DkiPodatci\">Tehni\u010dki podaci:<\/h4>\n<ul>\n<li>Proizvo\u0111a\u010d: Wincor Nixdorf, Njema\u010dka<\/li>\n<li>Model: <strong><span style=\"color: #ff0000\">TH250<\/span><\/strong><\/li>\n<li>Vrsta pisa\u010da: termalni<\/li>\n<li>Stanice za ispis: 1x (ra\u010dun)<\/li>\n<li>Mehanizam ispisa: termo ispis<\/li>\n<li>Razlu\u010divost: 8 to\u010dkica\/mm (203 dpi), 640 to\u010dkica\/redu<\/li>\n<li>Broj znakova u redu: max. 44 standardno,max. 56 zbijeno (compressed)<\/li>\n<li>\u0160irina papira: 79.5-80 mm<\/li>\n<li>Reza\u010d papira: odrezati, narezati,pouzdanost min. 1,500,000 rezova<\/li>\n<li>Senzori:malo papira, kraj papira, otvoren poklopac<\/li>\n<li><span style=\"color: #ff0000\"><strong>Boja: crna<\/strong><\/span><\/li>\n<li>Te\u017eina: &lt; 2 kg<\/li>\n<li>Dimenzije (sa stalkom) \u0160xDxV: 131 x 175 x 145 mm<\/li>\n<li>Napajanje: 24V<\/li>\n<li><span style=\"color: #ed1c24\">*** Su\u010delje: USB powered (samo za ra\u010dunala i POS sustave koji imaju adekvatni priklju\u010dak 24V)<\/span><\/li>\n<li>Priklju\u010dci: 1x RJ12 ladica za novac<\/li>\n<li>Ostalo:Kodne stranice PC437, PC720, PC775, PC850,<span style=\"color: #ff0000\"> <strong>PC852<\/strong><\/span>, PC858,<br \/>\nPC860, PC862, PC863, PC864, PC865, PC866,<br \/>\nPC737, PC857, PC874, WPC1250, PC1252, WPC1254,<br \/>\nWPC1257, WPC28591, WPC28592, WPC28599, WPC28605, WPC1256,<br \/>\nPC28594, WPC28596, KATAKANA<\/li>\n<\/ul>\n<div class=\"zebra-table\"><\/div>\n<\/div>\n<div><\/div>\n<\/div>\n<\/div>\n<\/div>\n<div id=\"footer\"><\/div>\n","protected":false},"excerpt":{"rendered":"<p><a href=\"https:\/\/com2000.hr\/trgovina\/wp-content\/uploads\/2017\/05\/Intallation_THXXX_GPD.pdf\">Intallation_THXXX_GPD<\/a><\/p>\n","protected":false},"featured_media":10082,"template":"","meta":[],"product_cat":[76],"product_tag":[149,190,188,148],"_links":{"self":[{"href":"https:\/\/com2000.hr\/trgovina\/wp-json\/wp\/v2\/product\/10080"}],"collection":[{"href":"https:\/\/com2000.hr\/trgovina\/wp-json\/wp\/v2\/product"}],"about":[{"href":"https:\/\/com2000.hr\/trgovina\/wp-json\/wp\/v2\/types\/product"}],"wp:featuredmedia":[{"embeddable":true,"href":"https:\/\/com2000.hr\/trgovina\/wp-json\/wp\/v2\/media\/10082"}],"wp:attachment":[{"href":"https:\/\/com2000.hr\/trgovina\/wp-json\/wp\/v2\/media?parent=10080"}],"wp:term":[{"taxonomy":"product_cat","embeddable":true,"href":"https:\/\/com2000.hr\/trgovina\/wp-json\/wp\/v2\/product_cat?post=10080"},{"taxonomy":"product_tag","embeddable":true,"href":"https:\/\/com2000.hr\/trgovina\/wp-json\/wp\/v2\/product_tag?post=10080"}],"curies":[{"name":"wp","href":"https:\/\/api.w.org\/{rel}","templated":true}]}}