{"id":87,"date":"2013-08-11T19:17:44","date_gmt":"2013-08-11T19:17:44","guid":{"rendered":"http:\/\/localhost:8888\/test\/?page_id=530"},"modified":"2020-12-01T15:40:21","modified_gmt":"2020-12-01T15:40:21","slug":"novosti","status":"publish","type":"page","link":"https:\/\/com2000.hr\/trgovina\/novosti\/","title":{"rendered":"Novosti"},"content":{"rendered":"<div class=\"container section-title-container\" ><h3 class=\"section-title section-title-center\"><b><\/b><span class=\"section-title-main\" style=\"font-size:undefined%;\">Novosti<\/span><b><\/b><\/h3><\/div>\r\n\r\n\n  \n    <div class=\"row large-columns-4 medium-columns-3 small-columns-1 slider row-slider slider-nav-reveal slider-nav-push\"  data-flickity-options='{\"imagesLoaded\": true, \"groupCells\": \"100%\", \"dragThreshold\" : 5, \"cellAlign\": \"left\",\"wrapAround\": true,\"prevNextButtons\": true,\"percentPosition\": true,\"pageDots\": false, \"rightToLeft\": false, \"autoPlay\" : false}' >\n\n  <div class=\"col post-item\" >\n\t\t\t<div class=\"col-inner\">\n\t\t\t\t<div class=\"box box-text-bottom box-blog-post has-hover\">\n            \t\t\t\t\t<div class=\"box-image\" >\n  \t\t\t\t\t\t<div class=\"image-cover\" style=\"padding-top:70%;\">\n\t\t\t\t\t\t\t<a href=\"https:\/\/com2000.hr\/trgovina\/2023\/01\/20\/novi-jamstveni-uvjeti-za-prijenosna-racunala\/\" class=\"plain\" aria-label=\"Novi jamstveni uvjeti za prijenosna ra\u010dunala\">\n\t\t\t\t\t\t\t\t<img loading=\"lazy\" decoding=\"async\" width=\"400\" height=\"400\" src=\"https:\/\/com2000.hr\/trgovina\/wp-content\/uploads\/2023\/01\/Jamstvo-12mj.-1-400x400.jpg\" class=\"attachment-medium size-medium wp-post-image\" alt=\"\" srcset=\"https:\/\/com2000.hr\/trgovina\/wp-content\/uploads\/2023\/01\/Jamstvo-12mj.-1-400x400.jpg 400w, https:\/\/com2000.hr\/trgovina\/wp-content\/uploads\/2023\/01\/Jamstvo-12mj.-1-280x280.jpg 280w, https:\/\/com2000.hr\/trgovina\/wp-content\/uploads\/2023\/01\/Jamstvo-12mj.-1-32x32.jpg 32w, https:\/\/com2000.hr\/trgovina\/wp-content\/uploads\/2023\/01\/Jamstvo-12mj.-1-100x100.jpg 100w, https:\/\/com2000.hr\/trgovina\/wp-content\/uploads\/2023\/01\/Jamstvo-12mj.-1.jpg 500w\" sizes=\"(max-width: 400px) 100vw, 400px\" \/>\t\t\t\t\t\t\t<\/a>\n  \t\t\t\t\t\t\t  \t\t\t\t\t\t\t  \t\t\t\t\t\t<\/div>\n  \t\t\t\t\t\t  \t\t\t\t\t<\/div>\n          \t\t\t\t\t<div class=\"box-text text-center\" >\n\t\t\t\t\t<div class=\"box-text-inner blog-post-inner\">\n\n\t\t\t\t\t\n\t\t\t\t\t\t\t\t\t\t<h5 class=\"post-title is-large \">\n\t\t\t\t\t\t<a href=\"https:\/\/com2000.hr\/trgovina\/2023\/01\/20\/novi-jamstveni-uvjeti-za-prijenosna-racunala\/\" class=\"plain\">Novi jamstveni uvjeti za prijenosna ra\u010dunala<\/a>\n\t\t\t\t\t<\/h5>\n\t\t\t\t\t\t\t\t\t\t<div class=\"is-divider\"><\/div>\n\t\t\t\t\t\t\t\t\t\t<p class=\"from_the_blog_excerpt \">\n\t\t\t\t\t\t\t\t\t\t\t<\/p>\n\t\t\t\t\t                    \n\t\t\t\t\t\n\t\t\t\t\t\n\t\t\t\t\t<\/div>\n\t\t\t\t\t<\/div>\n\t\t\t\t\t\t\t\t\t\t\t\t\t\t\t\t<div class=\"badge absolute top post-date badge-outline\">\n\t\t\t\t\t\t\t<div class=\"badge-inner\">\n\t\t\t\t\t\t\t\t<span class=\"post-date-day\">20<\/span><br>\n\t\t\t\t\t\t\t\t<span class=\"post-date-month is-xsmall\">sij<\/span>\n\t\t\t\t\t\t\t<\/div>\n\t\t\t\t\t\t<\/div>\n\t\t\t\t\t\t\t\t\t<\/div>\n\t\t\t<\/div>\n\t\t<\/div><div class=\"col post-item\" >\n\t\t\t<div class=\"col-inner\">\n\t\t\t\t<div class=\"box box-text-bottom box-blog-post has-hover\">\n            \t\t\t\t\t<div class=\"box-image\" >\n  \t\t\t\t\t\t<div class=\"image-cover\" style=\"padding-top:70%;\">\n\t\t\t\t\t\t\t<a href=\"https:\/\/com2000.hr\/trgovina\/2022\/06\/03\/novi-nacin-mar-licenciranja\/\" class=\"plain\" aria-label=\"Novo!!! Digitalne Windows 10 i 11 MAR licence\">\n\t\t\t\t\t\t\t\t<img loading=\"lazy\" decoding=\"async\" width=\"316\" height=\"316\" src=\"https:\/\/com2000.hr\/trgovina\/wp-content\/uploads\/2022\/06\/dpk-img.webp\" class=\"attachment-medium size-medium wp-post-image\" alt=\"\" srcset=\"https:\/\/com2000.hr\/trgovina\/wp-content\/uploads\/2022\/06\/dpk-img.webp 316w, https:\/\/com2000.hr\/trgovina\/wp-content\/uploads\/2022\/06\/dpk-img-100x100.webp 100w, https:\/\/com2000.hr\/trgovina\/wp-content\/uploads\/2022\/06\/dpk-img-280x280.webp 280w, https:\/\/com2000.hr\/trgovina\/wp-content\/uploads\/2022\/06\/dpk-img-32x32.webp 32w, https:\/\/com2000.hr\/trgovina\/wp-content\/uploads\/2022\/06\/dpk-img-300x300.webp 300w\" sizes=\"(max-width: 316px) 100vw, 316px\" \/>\t\t\t\t\t\t\t<\/a>\n  \t\t\t\t\t\t\t  \t\t\t\t\t\t\t  \t\t\t\t\t\t<\/div>\n  \t\t\t\t\t\t  \t\t\t\t\t<\/div>\n          \t\t\t\t\t<div class=\"box-text text-center\" >\n\t\t\t\t\t<div class=\"box-text-inner blog-post-inner\">\n\n\t\t\t\t\t\n\t\t\t\t\t\t\t\t\t\t<h5 class=\"post-title is-large \">\n\t\t\t\t\t\t<a href=\"https:\/\/com2000.hr\/trgovina\/2022\/06\/03\/novi-nacin-mar-licenciranja\/\" class=\"plain\">Novo!!! Digitalne Windows 10 i 11 MAR licence<\/a>\n\t\t\t\t\t<\/h5>\n\t\t\t\t\t\t\t\t\t\t<div class=\"is-divider\"><\/div>\n\t\t\t\t\t\t\t\t\t\t<p class=\"from_the_blog_excerpt \">\n\t\t\t\t\t\tWindows 10\/11 Home i Pro MAR licence za refurbished ra\u010dunala vi\u0161e nemaju pripadaju\u0107u COA naljepnicu [...]\t\t\t\t\t<\/p>\n\t\t\t\t\t                    \n\t\t\t\t\t\n\t\t\t\t\t\n\t\t\t\t\t<\/div>\n\t\t\t\t\t<\/div>\n\t\t\t\t\t\t\t\t\t\t\t\t\t\t\t\t<div class=\"badge absolute top post-date badge-outline\">\n\t\t\t\t\t\t\t<div class=\"badge-inner\">\n\t\t\t\t\t\t\t\t<span class=\"post-date-day\">03<\/span><br>\n\t\t\t\t\t\t\t\t<span class=\"post-date-month is-xsmall\">lip<\/span>\n\t\t\t\t\t\t\t<\/div>\n\t\t\t\t\t\t<\/div>\n\t\t\t\t\t\t\t\t\t<\/div>\n\t\t\t<\/div>\n\t\t<\/div><div class=\"col post-item\" >\n\t\t\t<div class=\"col-inner\">\n\t\t\t\t<div class=\"box box-text-bottom box-blog-post has-hover\">\n            \t\t\t\t\t<div class=\"box-image\" >\n  \t\t\t\t\t\t<div class=\"image-cover\" style=\"padding-top:70%;\">\n\t\t\t\t\t\t\t<a href=\"https:\/\/com2000.hr\/trgovina\/2018\/04\/14\/13-04-2018-omoguceno-karticno-placanje-u-nasem-web-shopu\/\" class=\"plain\" aria-label=\"Pla\u0107ajte kreditnim i debitnim karticama u na\u0161em web shopu\">\n\t\t\t\t\t\t\t\t<img loading=\"lazy\" decoding=\"async\" width=\"600\" height=\"400\" src=\"https:\/\/com2000.hr\/trgovina\/wp-content\/uploads\/2018\/04\/cards-600x400.jpg\" class=\"attachment-medium size-medium wp-post-image\" alt=\"\" srcset=\"https:\/\/com2000.hr\/trgovina\/wp-content\/uploads\/2018\/04\/cards.jpg 600w, https:\/\/com2000.hr\/trgovina\/wp-content\/uploads\/2018\/04\/cards-510x340.jpg 510w\" sizes=\"(max-width: 600px) 100vw, 600px\" \/>\t\t\t\t\t\t\t<\/a>\n  \t\t\t\t\t\t\t  \t\t\t\t\t\t\t  \t\t\t\t\t\t<\/div>\n  \t\t\t\t\t\t  \t\t\t\t\t<\/div>\n          \t\t\t\t\t<div class=\"box-text text-center\" >\n\t\t\t\t\t<div class=\"box-text-inner blog-post-inner\">\n\n\t\t\t\t\t\n\t\t\t\t\t\t\t\t\t\t<h5 class=\"post-title is-large \">\n\t\t\t\t\t\t<a href=\"https:\/\/com2000.hr\/trgovina\/2018\/04\/14\/13-04-2018-omoguceno-karticno-placanje-u-nasem-web-shopu\/\" class=\"plain\">Pla\u0107ajte kreditnim i debitnim karticama u na\u0161em web shopu<\/a>\n\t\t\t\t\t<\/h5>\n\t\t\t\t\t\t\t\t\t\t<div class=\"is-divider\"><\/div>\n\t\t\t\t\t\t\t\t\t\t<p class=\"from_the_blog_excerpt \">\n\t\t\t\t\t\tSve narud\u017ebe iz na\u0161eg webshopa mogu\u0107e je platiti kreditnim i debitnim karticama. Na\u010dini pla\u0107anja\t\t\t\t\t<\/p>\n\t\t\t\t\t                    \n\t\t\t\t\t\n\t\t\t\t\t\n\t\t\t\t\t<\/div>\n\t\t\t\t\t<\/div>\n\t\t\t\t\t\t\t\t\t\t\t\t\t\t\t\t<div class=\"badge absolute top post-date badge-outline\">\n\t\t\t\t\t\t\t<div class=\"badge-inner\">\n\t\t\t\t\t\t\t\t<span class=\"post-date-day\">14<\/span><br>\n\t\t\t\t\t\t\t\t<span class=\"post-date-month is-xsmall\">tra<\/span>\n\t\t\t\t\t\t\t<\/div>\n\t\t\t\t\t\t<\/div>\n\t\t\t\t\t\t\t\t\t<\/div>\n\t\t\t<\/div>\n\t\t<\/div><div class=\"col post-item\" >\n\t\t\t<div class=\"col-inner\">\n\t\t\t\t<div class=\"box box-text-bottom box-blog-post has-hover\">\n            \t\t\t\t\t<div class=\"box-image\" >\n  \t\t\t\t\t\t<div class=\"image-cover\" style=\"padding-top:70%;\">\n\t\t\t\t\t\t\t<a href=\"https:\/\/com2000.hr\/trgovina\/2017\/09\/10\/od-4-09-2017-poslujemo-na-novoj-lokaciji\/\" class=\"plain\" aria-label=\"Na\u0161a lokacija\">\n\t\t\t\t\t\t\t\t<img loading=\"lazy\" decoding=\"async\" width=\"600\" height=\"400\" src=\"https:\/\/com2000.hr\/trgovina\/wp-content\/uploads\/2018\/03\/Zavrtnica-17-600x400.jpg\" class=\"attachment-medium size-medium wp-post-image\" alt=\"\" srcset=\"https:\/\/com2000.hr\/trgovina\/wp-content\/uploads\/2018\/03\/Zavrtnica-17.jpg 600w, https:\/\/com2000.hr\/trgovina\/wp-content\/uploads\/2018\/03\/Zavrtnica-17-510x340.jpg 510w\" sizes=\"(max-width: 600px) 100vw, 600px\" \/>\t\t\t\t\t\t\t<\/a>\n  \t\t\t\t\t\t\t  \t\t\t\t\t\t\t  \t\t\t\t\t\t<\/div>\n  \t\t\t\t\t\t  \t\t\t\t\t<\/div>\n          \t\t\t\t\t<div class=\"box-text text-center\" >\n\t\t\t\t\t<div class=\"box-text-inner blog-post-inner\">\n\n\t\t\t\t\t\n\t\t\t\t\t\t\t\t\t\t<h5 class=\"post-title is-large \">\n\t\t\t\t\t\t<a href=\"https:\/\/com2000.hr\/trgovina\/2017\/09\/10\/od-4-09-2017-poslujemo-na-novoj-lokaciji\/\" class=\"plain\">Na\u0161a lokacija<\/a>\n\t\t\t\t\t<\/h5>\n\t\t\t\t\t\t\t\t\t\t<div class=\"is-divider\"><\/div>\n\t\t\t\t\t\t\t\t\t\t<p class=\"from_the_blog_excerpt \">\n\t\t\t\t\t\tNalazimo se u\u00a0poslovnom centru Zavrtnica, smje\u0161tenom u poslovnoj zoni u centru Zagreba izme\u0111u Heinzelove ul., [...]\t\t\t\t\t<\/p>\n\t\t\t\t\t                    \n\t\t\t\t\t\n\t\t\t\t\t\n\t\t\t\t\t<\/div>\n\t\t\t\t\t<\/div>\n\t\t\t\t\t\t\t\t\t\t\t\t\t\t\t\t<div class=\"badge absolute top post-date badge-outline\">\n\t\t\t\t\t\t\t<div class=\"badge-inner\">\n\t\t\t\t\t\t\t\t<span class=\"post-date-day\">10<\/span><br>\n\t\t\t\t\t\t\t\t<span class=\"post-date-month is-xsmall\">ruj<\/span>\n\t\t\t\t\t\t\t<\/div>\n\t\t\t\t\t\t<\/div>\n\t\t\t\t\t\t\t\t\t<\/div>\n\t\t\t<\/div>\n\t\t<\/div><\/div>\n","protected":false},"excerpt":{"rendered":"","protected":false},"author":1,"featured_media":0,"parent":0,"menu_order":0,"comment_status":"closed","ping_status":"closed","template":"page-left-sidebar.php","meta":{"footnotes":""},"_links":{"self":[{"href":"https:\/\/com2000.hr\/trgovina\/wp-json\/wp\/v2\/pages\/87"}],"collection":[{"href":"https:\/\/com2000.hr\/trgovina\/wp-json\/wp\/v2\/pages"}],"about":[{"href":"https:\/\/com2000.hr\/trgovina\/wp-json\/wp\/v2\/types\/page"}],"author":[{"embeddable":true,"href":"https:\/\/com2000.hr\/trgovina\/wp-json\/wp\/v2\/users\/1"}],"replies":[{"embeddable":true,"href":"https:\/\/com2000.hr\/trgovina\/wp-json\/wp\/v2\/comments?post=87"}],"version-history":[{"count":8,"href":"https:\/\/com2000.hr\/trgovina\/wp-json\/wp\/v2\/pages\/87\/revisions"}],"predecessor-version":[{"id":7812,"href":"https:\/\/com2000.hr\/trgovina\/wp-json\/wp\/v2\/pages\/87\/revisions\/7812"}],"wp:attachment":[{"href":"https:\/\/com2000.hr\/trgovina\/wp-json\/wp\/v2\/media?parent=87"}],"curies":[{"name":"wp","href":"https:\/\/api.w.org\/{rel}","templated":true}]}}