{"id":5867,"date":"2018-03-26T17:21:01","date_gmt":"2018-03-26T17:21:01","guid":{"rendered":"https:\/\/com2000.hr\/trgovina\/?page_id=5867"},"modified":"2024-10-02T08:32:51","modified_gmt":"2024-10-02T08:32:51","slug":"driveri","status":"publish","type":"page","link":"https:\/\/com2000.hr\/trgovina\/driveri\/","title":{"rendered":"Driveri"},"content":{"rendered":"<p><strong>Driveri<\/strong><\/p>\n<p>Za preglednike, aplikacije, programe, patcheve, drivere i downloade, molimo kliknite na navedene linkove<\/p>\n<p><a href=\"https:\/\/publicdownload.dieboldnixdorf.com\/objects\/100022\">PODR\u0160KA Diebold-Nixdorf<\/a><\/p>\n<p><a href=\"http:\/\/support.ts.fujitsu.com\/IndexDownload.asp?lng=COM&amp;SoftwareGUID=\" target=\"_blank\" rel=\"noopener\">PODR\u0160KA Fujitsu-Siemens<\/a><\/p>\n<p><a href=\"http:\/\/welcome.hp.com\/country\/us\/en\/support.html\" target=\"_blank\" rel=\"noopener\">PODR\u0160KA HEWLETT PACKARD<\/a><\/p>\n<p><a href=\"http:\/\/eu.computers.toshiba-europe.com\/innovation\/download_drivers_bios.jsp\" target=\"_blank\" rel=\"noopener\">PODR\u0160KA TOSHIBA<\/a><\/p>\n<p><a href=\"http:\/\/support.dell.com\/support\/downloads\/index.aspx\" target=\"_blank\" rel=\"noopener\">PODR\u0160KA DELL<\/a><\/p>\n<p><a href=\"http:\/\/www-307.ibm.com\/pc\/support\/site.wss\/homeLenovo.do?country=hr\" target=\"_blank\" rel=\"noopener\">PODR\u0160KA\u00a0Lenovo<\/a><\/p>\n<p><a href=\"http:\/\/get.adobe.com\/reader\/\" target=\"_blank\" rel=\"noopener\">ACROBAT ADOBE PDF \u010cITA\u010c<\/a><\/p>\n<p><a href=\"http:\/\/hr.openoffice.org\/\" target=\"_blank\" rel=\"noopener\">OPEN OFFICE<\/a><\/p>\n<p><a href=\"http:\/\/www.mozillamessaging.com\/en-US\/thunderbird\/\" target=\"_blank\" rel=\"noopener\">THUNDERBIRD<\/a><\/p>\n<p><a href=\"http:\/\/www.mozilla.com\/en-US\/\" target=\"_blank\" rel=\"noopener\">MOZILLA FIREFOX<\/a><\/p>\n<p><a href=\"http:\/\/www.apple.com\/itunes\/download\/\" target=\"_blank\" rel=\"noopener\">I TUNES<\/a><\/p>\n","protected":false},"excerpt":{"rendered":"<p>Driveri Za preglednike, aplikacije, programe, patcheve, drivere i downloade, molimo kliknite na navedene linkove PODR\u0160KA Diebold-Nixdorf PODR\u0160KA Fujitsu-Siemens PODR\u0160KA HEWLETT PACKARD PODR\u0160KA TOSHIBA PODR\u0160KA DELL PODR\u0160KA\u00a0Lenovo ACROBAT ADOBE PDF \u010cITA\u010c OPEN OFFICE THUNDERBIRD MOZILLA FIREFOX I TUNES<\/p>\n","protected":false},"author":1,"featured_media":0,"parent":0,"menu_order":0,"comment_status":"closed","ping_status":"closed","template":"page-left-sidebar.php","meta":{"footnotes":""},"_links":{"self":[{"href":"https:\/\/com2000.hr\/trgovina\/wp-json\/wp\/v2\/pages\/5867"}],"collection":[{"href":"https:\/\/com2000.hr\/trgovina\/wp-json\/wp\/v2\/pages"}],"about":[{"href":"https:\/\/com2000.hr\/trgovina\/wp-json\/wp\/v2\/types\/page"}],"author":[{"embeddable":true,"href":"https:\/\/com2000.hr\/trgovina\/wp-json\/wp\/v2\/users\/1"}],"replies":[{"embeddable":true,"href":"https:\/\/com2000.hr\/trgovina\/wp-json\/wp\/v2\/comments?post=5867"}],"version-history":[{"count":5,"href":"https:\/\/com2000.hr\/trgovina\/wp-json\/wp\/v2\/pages\/5867\/revisions"}],"predecessor-version":[{"id":10087,"href":"https:\/\/com2000.hr\/trgovina\/wp-json\/wp\/v2\/pages\/5867\/revisions\/10087"}],"wp:attachment":[{"href":"https:\/\/com2000.hr\/trgovina\/wp-json\/wp\/v2\/media?parent=5867"}],"curies":[{"name":"wp","href":"https:\/\/api.w.org\/{rel}","templated":true}]}}