{"id":5865,"date":"2018-03-26T17:18:53","date_gmt":"2018-03-26T17:18:53","guid":{"rendered":"https:\/\/com2000.hr\/trgovina\/?page_id=5865"},"modified":"2023-05-08T08:07:43","modified_gmt":"2023-05-08T08:07:43","slug":"dostava","status":"publish","type":"page","link":"https:\/\/com2000.hr\/trgovina\/dostava\/","title":{"rendered":"Dostava"},"content":{"rendered":"<p><strong>Dostava<\/strong><\/p>\n<p><strong>BESPLATNA dostava za<span style=\"font-size: 14.4px\"> kupnju iznad 132,59 Eur+PDV\u00a0<\/span><\/strong><br \/>\nZa kupnju manju od 132,59 Eur+PDV \u2013 5,39 Eur+PDV (do 25kg\/1paket)<\/p>\n<p>Dostavu proizvoda naru\u010denih putem na\u0161e internet trgovine vr\u0161imo u suradnji s <a href=\"https:\/\/gls-group.eu\/HR\/hr\/gls-croatia\">GLS slu\u017ebom dostave<\/a>, po na\u010delu \u201eod vrata do vrata\u201c. Dostava se vr\u0161i unutar 24 sata za narud\u017ebe pla\u0107ene radnim danom do 12:00 sati.<br \/>\nZa artikle naru\u010dene radnim danom do 12:00h predajemo dostavnoj slu\u017ebi u najkra\u0107em mogu\u0107em roku, naj\u010de\u0161\u0107e istoga dana, a artikle naru\u010dene radnim danom iza 13:00h predajemo dostavnoj slu\u017ebi idu\u0107eg radnog dana.<\/p>\n<p>Dostavna slu\u017eba se obavezuje obaviti ekspresnu uslugu prijevoza po\u0161iljke od trenutka preuzimanja do trenutka uru\u010denja u roku od (1) jednog radnog dana (osim u slu\u010dajevima slanja izvan ili preko vi\u0161e tranzitnih centara prijevoznika prema rasporedu vo\u017enje prijevoznika).<br \/>\nSvaku po\u0161iljku primatelj ovjerava i potpisuje dostavnu listu po primitku po\u0161iljke.<\/p>\n<p>Sukladno odredbama Zakona o obveznim odnosima, ovjerom dostavne liste od strane primatelja smatra se da je po\u0161iljka uru\u010dena u neo\u0161te\u0107enom stanju i nakon toga je prijevoznik oslobo\u0111en bilo kakve naknadne odgovornosti. Po\u0161iljatelj \u0107e u listi preuzimanja nazna\u010diti referentni broj prate\u0107e dokumentacije, pri \u010demu \u0107e kasnije potpisana dostavna lista s referentnim brojem biti dokaz o izvr\u0161enoj dostavi.<\/p>\n","protected":false},"excerpt":{"rendered":"<p>Dostava BESPLATNA dostava za kupnju iznad 132,59 Eur+PDV\u00a0 Za kupnju manju od 132,59 Eur+PDV \u2013 5,39 Eur+PDV (do 25kg\/1paket) Dostavu proizvoda naru\u010denih putem na\u0161e internet trgovine vr\u0161imo u suradnji s GLS slu\u017ebom dostave, po na\u010delu \u201eod vrata do vrata\u201c. Dostava se vr\u0161i unutar 24 sata za narud\u017ebe pla\u0107ene radnim danom do 12:00 sati. Za artikle [&#8230;]\n","protected":false},"author":1,"featured_media":0,"parent":0,"menu_order":0,"comment_status":"closed","ping_status":"closed","template":"page-left-sidebar.php","meta":{"footnotes":""},"_links":{"self":[{"href":"https:\/\/com2000.hr\/trgovina\/wp-json\/wp\/v2\/pages\/5865"}],"collection":[{"href":"https:\/\/com2000.hr\/trgovina\/wp-json\/wp\/v2\/pages"}],"about":[{"href":"https:\/\/com2000.hr\/trgovina\/wp-json\/wp\/v2\/types\/page"}],"author":[{"embeddable":true,"href":"https:\/\/com2000.hr\/trgovina\/wp-json\/wp\/v2\/users\/1"}],"replies":[{"embeddable":true,"href":"https:\/\/com2000.hr\/trgovina\/wp-json\/wp\/v2\/comments?post=5865"}],"version-history":[{"count":5,"href":"https:\/\/com2000.hr\/trgovina\/wp-json\/wp\/v2\/pages\/5865\/revisions"}],"predecessor-version":[{"id":9534,"href":"https:\/\/com2000.hr\/trgovina\/wp-json\/wp\/v2\/pages\/5865\/revisions\/9534"}],"wp:attachment":[{"href":"https:\/\/com2000.hr\/trgovina\/wp-json\/wp\/v2\/media?parent=5865"}],"curies":[{"name":"wp","href":"https:\/\/api.w.org\/{rel}","templated":true}]}}