{"id":5811,"date":"2018-03-26T16:47:58","date_gmt":"2018-03-26T16:47:58","guid":{"rendered":"https:\/\/com2000.hr\/trgovina\/?page_id=5811"},"modified":"2020-11-28T12:19:04","modified_gmt":"2020-11-28T12:19:04","slug":"kontakt","status":"publish","type":"page","link":"https:\/\/com2000.hr\/trgovina\/kontakt\/","title":{"rendered":"Kontakt"},"content":{"rendered":"<div class=\"container section-title-container\" style=\"margin-top:23px;\"><h3 class=\"section-title section-title-center\"><b><\/b><span class=\"section-title-main\" style=\"font-size:undefined%;\">NOVA ADRESA: Zavrtnica 17, 10000 Zagreb (objekt br.2)<\/span><b><\/b><\/h3><\/div>\n<p><iframe loading=\"lazy\" style=\"border: 0;\" src=\"https:\/\/www.google.com\/maps\/embed?pb=!1m18!1m12!1m3!1d2781.2068763700136!2d15.997960615791486!3d45.8071150791065!2m3!1f0!2f0!3f0!3m2!1i1024!2i768!4f13.1!3m3!1m2!1s0x4765d64c163be6a9%3A0x2a50d5cec755415b!2sZavrtnica+17%2C+10000%2C+Zagreb%2C+Croatia!5e0!3m2!1sen!2sde!4v1504520355738\" width=\"100%\" height=\"450\" frameborder=\"0\" allowfullscreen=\"allowfullscreen\"><\/iframe><\/p>\n\t<div id=\"gap-656748825\" class=\"gap-element clearfix\" style=\"display:block; height:auto;\">\n\t\t\n<style>\n#gap-656748825 {\n  padding-top: 40px;\n}\n<\/style>\n\t<\/div>\n\t\n<div class=\"container section-title-container\" style=\"margin-top:23px;\"><h3 class=\"section-title section-title-center\"><b><\/b><span class=\"section-title-main\" style=\"font-size:undefined%;\">O NAMA - KONTAKT INFO<\/span><b><\/b><\/h3><\/div>\n\n<div class=\"row row-dashed\"  id=\"row-1551782792\">\n\n\n\t<div id=\"col-1177017957\" class=\"col medium-4 small-6 large-4\"  >\n\t\t\t\t<div class=\"col-inner\"  >\n\t\t\t\n\t\t\t\n\n<h3>Povijest<\/h3>\n<p>Uvozom, prodajom i odr\u017eavanjem ove vrste kompjuterske opreme bavimo se od 1995. godine. Opskrbili smo mnoge ustanove u Hrvatskoj; velik broj \u0161kola, dr\u017eavnih ustanova, ve\u0107ih i manjih poduze\u0107a, knjigovodstvenih servisa, kafi\u0107a, restorana, trgovina svih vrsta i sl., najstariji smo u bran\u0161i i najiskusniji u ovom poslu u RH.<\/p>\n\n\t\t<\/div>\n\t\t\t\t\t<\/div>\n\n\t\n\n\t<div id=\"col-46823585\" class=\"col medium-4 small-6 large-4\"  >\n\t\t\t\t<div class=\"col-inner\"  >\n\t\t\t\n\t\t\t\n\n<h3>Microsoft Registered Refurbisher<\/h3>\n<p>Kao Microsoft Registered Refurbisher pru\u017eamo jamstvo i kvalitetu u instalaciji najkvalitetnijeg operativnih sustava na tr\u017ei\u0161tu.<\/p>\n\n\t\t<\/div>\n\t\t\t\t\t<\/div>\n\n\t\n\n\t<div id=\"col-794032183\" class=\"col medium-4 small-6 large-4\"  >\n\t\t\t\t<div class=\"col-inner\"  >\n\t\t\t\n\t\t\t\n\n<h3>Izuzetni jamstveni uvjeti<\/h3>\n<p>Radi izuzetnih jamstvenih uvjeta (12-24 mjeseca) koji ne odska\u010du od\u00a0onih kod nove opreme, sve vi\u0161e kupaca odlu\u010duje se za nabavu ra\u010dunala s imenom\u00a0najmanje 50%\u00a0jeftinije od novih. Ako imate potrebu za ra\u010dunalom, a ne \u017eelite igrati najnovije igre, nego ga koristiti za ozbiljan posao, slobodno nam se obratite s povjerenjem. Na\u0161i serviseri otklanjaju kvarove naj\u010de\u0161\u0107e unutar 24 sata i manje, tako da nemate potrebe \u010dekati na duge servise.<\/p>\n<p>COM2000, pravi izbor za second hand brand name ra\u010dunala, POS blagajne, hardware i software<\/p>\n\n\t\t<\/div>\n\t\t\t\t\t<\/div>\n\n\t\n\n\t<div id=\"col-409848822\" class=\"col medium-4 small-6 large-4\"  >\n\t\t\t\t<div class=\"col-inner\"  >\n\t\t\t\n\t\t\t\n\n<h3><strong>TEL \/ FAX\/ E-MAIL \/ RA\u010cUN:<\/strong><\/h3>\n<p>Mail: <a href=\"mailto:info@com2000.hr\">info@com2000.hr<\/a><\/p>\n<p>Mail: <a href=\"mailto:com2000.hr@gmail.com\">com2000.hr@gmail.com<\/a><\/p>\n<p><strong>Tel: <\/strong>01\/4684-290<\/p>\n<p><strong>Fax: <\/strong>01\/4684-565<\/p>\n<p><strong>Mob: <\/strong>099\/620 0036<\/p>\n<p><strong>Mob: <\/strong>091\/620 0036<\/p>\n<p><strong>IBAN: <\/strong>HR9524840081100305044<\/p>\n<p><strong>OIB: <\/strong>67538042945<\/p>\n\n\n\t\t<\/div>\n\t\t\t\t\t<\/div>\n\n\t\n\n\t<div id=\"col-774265728\" class=\"col medium-4 small-6 large-4\"  >\n\t\t\t\t<div class=\"col-inner\"  >\n\t\t\t\n\t\t\t\n\n<h3><strong>RADNO VRIJEME:<\/strong><\/h3>\n<p>PJ1 Zavrtnica 17,<\/p>\n<p>Ponedjeljak-\u010cetvrtak: 08.30 - 16.30h<\/p>\n<p>Petak 08.30-16.00h<\/p>\n<p>(subotom ne radimo)<\/p>\n\n\t\t<\/div>\n\t\t\t\t\t<\/div>\n\n\t\n\n\t<div id=\"col-391190765\" class=\"col medium-4 small-6 large-4\"  >\n\t\t\t\t<div class=\"col-inner\"  >\n\t\t\t\n\t\t\t\n\n<h3><strong>POSLOVNI PODACI<\/strong><\/h3>\n<p><strong>Naziv:\u00a0<\/strong>C.O.M. 2000 dru\u0161tvo s ograni\u010denom odgovorno\u0161\u0107u za trgovinu i usluge<\/p>\n<p><strong>Mati\u010dni broj:<\/strong> 1360329<\/p>\n<p><strong>OIB:<\/strong> 67538042945<\/p>\n<p><strong>Sjedi\u0161te:<\/strong> Srebrnjak 101A, 10000 Zagreb<\/p>\n<p><strong>Upisano u sudski registar:<\/strong>Trgova\u010dki sud u Zagrebu bod brojem MBS: 080219547<\/p>\n<p><strong>Temeljni kapital:\u00a0<\/strong>439.500,00 kn<\/p>\n<p><strong>\u010clanovi uprave:\u00a0<\/strong>Bruno Sviben, direktor<\/p>\n\n\t\t<\/div>\n\t\t\t\t\t<\/div>\n\n\t\n\n\n<style>\n#row-1551782792 > .col > .col-inner {\n  padding: 30px;\n}\n<\/style>\n<\/div>\n\t<div id=\"gap-711551846\" class=\"gap-element clearfix\" style=\"display:block; height:auto;\">\n\t\t\n<style>\n#gap-711551846 {\n  padding-top: 30px;\n}\n<\/style>\n\t<\/div>\n\t\n<div class=\"row row-collapse row-full-width align-center\"  id=\"row-642827496\">\n\n\n\t<div id=\"col-868914938\" class=\"col medium-6 large-6\"  >\n\t\t\t\t<div class=\"col-inner text-center\"  >\n\t\t\t\n\t\t\t\n\n<a href=\"mailto:info@com2000.hr\" class=\"button primary is-primary is-medium\"  >\n    <span>info@com2000.hr<\/span>\n  <\/a>\n\n\n\n\t\t<\/div>\n\t\t\t\t\n<style>\n#col-868914938 > .col-inner {\n  padding: 0 10%;\n}\n<\/style>\n\t<\/div>\n\n\t\n\n\t<div id=\"col-2089133029\" class=\"col medium-6 large-6\"  >\n\t\t\t\t<div class=\"col-inner text-center\"  >\n\t\t\t\n\t\t\t\n\n<a href=\"mailto:com2000.hr@gmail.com\" class=\"button primary is-primary is-medium\"  >\n    <span>com2000.hr@gmail.com<\/span>\n  <\/a>\n\n\n\n\t\t<\/div>\n\t\t\t\t\n<style>\n#col-2089133029 > .col-inner {\n  padding: 0 10%;\n}\n<\/style>\n\t<\/div>\n\n\t\n\n<\/div>\n","protected":false},"excerpt":{"rendered":"","protected":false},"author":1,"featured_media":0,"parent":0,"menu_order":0,"comment_status":"closed","ping_status":"closed","template":"page-left-sidebar.php","meta":{"footnotes":""},"_links":{"self":[{"href":"https:\/\/com2000.hr\/trgovina\/wp-json\/wp\/v2\/pages\/5811"}],"collection":[{"href":"https:\/\/com2000.hr\/trgovina\/wp-json\/wp\/v2\/pages"}],"about":[{"href":"https:\/\/com2000.hr\/trgovina\/wp-json\/wp\/v2\/types\/page"}],"author":[{"embeddable":true,"href":"https:\/\/com2000.hr\/trgovina\/wp-json\/wp\/v2\/users\/1"}],"replies":[{"embeddable":true,"href":"https:\/\/com2000.hr\/trgovina\/wp-json\/wp\/v2\/comments?post=5811"}],"version-history":[{"count":1,"href":"https:\/\/com2000.hr\/trgovina\/wp-json\/wp\/v2\/pages\/5811\/revisions"}],"predecessor-version":[{"id":5812,"href":"https:\/\/com2000.hr\/trgovina\/wp-json\/wp\/v2\/pages\/5811\/revisions\/5812"}],"wp:attachment":[{"href":"https:\/\/com2000.hr\/trgovina\/wp-json\/wp\/v2\/media?parent=5811"}],"curies":[{"name":"wp","href":"https:\/\/api.w.org\/{rel}","templated":true}]}}