{"id":5807,"date":"2018-03-26T16:46:11","date_gmt":"2018-03-26T16:46:11","guid":{"rendered":"https:\/\/com2000.hr\/trgovina\/?page_id=5807"},"modified":"2020-11-28T16:04:37","modified_gmt":"2020-11-28T16:04:37","slug":"servis","status":"publish","type":"page","link":"https:\/\/com2000.hr\/trgovina\/servis\/","title":{"rendered":"Servis"},"content":{"rendered":"<p><strong>Servis<\/strong><\/p>\n<p>Posebnu pa\u017enju i trud posve\u0107ujemo reklamacijama te svim upitima tehni\u010dke naravi. Reklamacije nastojimo rije\u0161iti kvalitetno i u najkra\u0107em mogu\u0107em roku kako bi se kupcu \u0161to prije omogu\u0107ilo ponovno kori\u0161tenje kupljenog proizvoda. Jamstvo je usluga koja je ura\u010dunata u cijenu svake kupovine. Jamstvene zahtjeve rje\u0161avamo znatno br\u017ee od zakonski propisanog roka,u 90% slu\u010dajeva unutar 2h.<\/p>\n<p>Upiti vezani uz artikle iz na\u0161eg asortimana proslje\u0111uju se u servis, gdje stru\u010dno osoblje uvijek ima spreman odgovor i savjet. Nastojimo E-Commerce uvesti u sve aspekte na\u0161eg poslovanja i poti\u010demo informati\u010dku pismenost pa na\u0161 servis mo\u017eete kontaktirati i e-mailom.Upite vezane uz specifi\u010dne probleme korisnika nastojimo rije\u0161iti \u0161to je br\u017ee mogu\u0107e imaju\u0107i na umu da svaki korisnik \u017eeli kvalitetno i dugoro\u010dno rje\u0161enje.<\/p>\n<p>U svako su na\u0161e brand ra\u010dunalo ugra\u0111ene originalne,kvalitetne i provjerene komponente. Svako ra\u010dunalo testiramo prije isporuke kako bi se otklonile bilo kakve mogu\u0107e nekompatibilnosti ili problemi prije nego \u0161to ono stigne kupcu. U testiranje ubrajamo i instalaciju operacijskog sustava te pokretanje testova koji provjeravaju ispravnost ugra\u0111enih komponenti.<\/p>\n<p>Konfiguracije iz na\u0161e ponude odmah su spremne za isporuku ako nije nazna\u010deno druga\u010dije.<\/p>\n","protected":false},"excerpt":{"rendered":"<p>Servis Posebnu pa\u017enju i trud posve\u0107ujemo reklamacijama te svim upitima tehni\u010dke naravi. Reklamacije nastojimo rije\u0161iti kvalitetno i u najkra\u0107em mogu\u0107em roku kako bi se kupcu \u0161to prije omogu\u0107ilo ponovno kori\u0161tenje kupljenog proizvoda. Jamstvo je usluga koja je ura\u010dunata u cijenu svake kupovine. Jamstvene zahtjeve rje\u0161avamo znatno br\u017ee od zakonski propisanog roka,u 90% slu\u010dajeva unutar 2h. [&#8230;]\n","protected":false},"author":1,"featured_media":0,"parent":0,"menu_order":0,"comment_status":"closed","ping_status":"closed","template":"page-left-sidebar.php","meta":{"footnotes":""},"_links":{"self":[{"href":"https:\/\/com2000.hr\/trgovina\/wp-json\/wp\/v2\/pages\/5807"}],"collection":[{"href":"https:\/\/com2000.hr\/trgovina\/wp-json\/wp\/v2\/pages"}],"about":[{"href":"https:\/\/com2000.hr\/trgovina\/wp-json\/wp\/v2\/types\/page"}],"author":[{"embeddable":true,"href":"https:\/\/com2000.hr\/trgovina\/wp-json\/wp\/v2\/users\/1"}],"replies":[{"embeddable":true,"href":"https:\/\/com2000.hr\/trgovina\/wp-json\/wp\/v2\/comments?post=5807"}],"version-history":[{"count":5,"href":"https:\/\/com2000.hr\/trgovina\/wp-json\/wp\/v2\/pages\/5807\/revisions"}],"predecessor-version":[{"id":7792,"href":"https:\/\/com2000.hr\/trgovina\/wp-json\/wp\/v2\/pages\/5807\/revisions\/7792"}],"wp:attachment":[{"href":"https:\/\/com2000.hr\/trgovina\/wp-json\/wp\/v2\/media?parent=5807"}],"curies":[{"name":"wp","href":"https:\/\/api.w.org\/{rel}","templated":true}]}}