{"id":5805,"date":"2018-03-26T16:44:30","date_gmt":"2018-03-26T16:44:30","guid":{"rendered":"https:\/\/com2000.hr\/trgovina\/?page_id=5805"},"modified":"2020-11-28T11:51:50","modified_gmt":"2020-11-28T11:51:50","slug":"izjava-o-privatnosti","status":"publish","type":"page","link":"https:\/\/com2000.hr\/trgovina\/izjava-o-privatnosti\/","title":{"rendered":"Izjava o privatnosti"},"content":{"rendered":"<p><strong>Izjava o privatnosti<\/strong><\/p>\n<p>COM 2000 obavezuje se pru\u017eati za\u0161titu osobnim podacima kupaca, na na\u010din da prikuplja samo nu\u017ene, osnovne podatke o kupcima\/ korisnicima koji su nu\u017eni za ispunjenje na\u0161ih obveza; informira kupce o na\u010dinu kori\u0161tenja prikupljenih podataka, redovito daje kupcima mogu\u0107nost izbora o upotrebi njihovih podataka, uklju\u010duju\u0107i mogu\u0107nost odluke \u017eele li ili ne da se njihovo ime ukloni s lista koje se koriste za marketin\u0161ke kampanje. Svi se podaci o korisnicima strogo \u010duvaju i dostupni su samo djelatnicima kojima su ti podaci nu\u017eni za obavljanje posla. Svi djelatnici COM 2000 i poslovni partneri odgovorni su za po\u0161tivanje na\u010dela za\u0161tite privatnosti.<\/p>\n","protected":false},"excerpt":{"rendered":"<p>Izjava o privatnosti COM 2000 obavezuje se pru\u017eati za\u0161titu osobnim podacima kupaca, na na\u010din da prikuplja samo nu\u017ene, osnovne podatke o kupcima\/ korisnicima koji su nu\u017eni za ispunjenje na\u0161ih obveza; informira kupce o na\u010dinu kori\u0161tenja prikupljenih podataka, redovito daje kupcima mogu\u0107nost izbora o upotrebi njihovih podataka, uklju\u010duju\u0107i mogu\u0107nost odluke \u017eele li ili ne da se [&#8230;]\n","protected":false},"author":1,"featured_media":0,"parent":0,"menu_order":0,"comment_status":"closed","ping_status":"closed","template":"page-left-sidebar.php","meta":{"footnotes":""},"_links":{"self":[{"href":"https:\/\/com2000.hr\/trgovina\/wp-json\/wp\/v2\/pages\/5805"}],"collection":[{"href":"https:\/\/com2000.hr\/trgovina\/wp-json\/wp\/v2\/pages"}],"about":[{"href":"https:\/\/com2000.hr\/trgovina\/wp-json\/wp\/v2\/types\/page"}],"author":[{"embeddable":true,"href":"https:\/\/com2000.hr\/trgovina\/wp-json\/wp\/v2\/users\/1"}],"replies":[{"embeddable":true,"href":"https:\/\/com2000.hr\/trgovina\/wp-json\/wp\/v2\/comments?post=5805"}],"version-history":[{"count":3,"href":"https:\/\/com2000.hr\/trgovina\/wp-json\/wp\/v2\/pages\/5805\/revisions"}],"predecessor-version":[{"id":7767,"href":"https:\/\/com2000.hr\/trgovina\/wp-json\/wp\/v2\/pages\/5805\/revisions\/7767"}],"wp:attachment":[{"href":"https:\/\/com2000.hr\/trgovina\/wp-json\/wp\/v2\/media?parent=5805"}],"curies":[{"name":"wp","href":"https:\/\/api.w.org\/{rel}","templated":true}]}}